{"id":1286,"date":"2021-06-18T15:41:40","date_gmt":"2021-06-18T15:41:40","guid":{"rendered":"https:\/\/farmaciacarreras.es\/?page_id=1286"},"modified":"2021-08-03T09:43:47","modified_gmt":"2021-08-03T09:43:47","slug":"el-laboratori","status":"publish","type":"page","link":"https:\/\/farmaciacarreras.es\/ca\/el-laboratori\/","title":{"rendered":"El laboratori"},"content":{"rendered":"<p><div class=\"fusion-fullwidth fullwidth-box fusion-builder-row-1 nonhundred-percent-fullwidth non-hundred-percent-height-scrolling\" style=\"background-color: rgba(255,255,255,0);background-position: center center;background-repeat: no-repeat;padding-top:2%;padding-right:0px;padding-bottom:2%;padding-left:0px;margin-bottom: 0px;margin-top: 0px;border-width: 0px 0px 0px 0px;border-color:#eae9e9;border-style:solid;\" ><div class=\"fusion-builder-row fusion-row\"><div class=\"fusion-layout-column fusion_builder_column fusion-builder-column-0 fusion_builder_column_1_1 1_1 fusion-one-full fusion-column-first fusion-column-last\" style=\"margin-top:0px;margin-bottom:0px;\"><div class=\"fusion-column-wrapper fusion-flex-column-wrapper-legacy\" style=\"background-position:left top;background-repeat:no-repeat;-webkit-background-size:cover;-moz-background-size:cover;-o-background-size:cover;background-size:cover;padding: 0px 0px 0px 0px;\"><div class=\"fusion-text fusion-text-1\"><h3 class=\"fusion-responsive-typography-calculated\" style=\"--fontsize: 20; line-height: 1.5; --minfontsize: 20;\" data-fontsize=\"20\" data-lineheight=\"30px\">El laboratori d&#8217;elaboraci\u00f3 de formulacions magistrals est\u00e0 constitu\u00eft per tres \u00e0rees diferents:<\/h3>\n<\/div><div class=\"fusion-clearfix\"><\/div><\/div><\/div><\/div><\/div><div class=\"fusion-fullwidth fullwidth-box fusion-builder-row-2 fusion-flex-container nonhundred-percent-fullwidth non-hundred-percent-height-scrolling\" style=\"background-color: #f4f5f9;background-position: center center;background-repeat: no-repeat;border-width: 0px 0px 0px 0px;border-color:#eae9e9;border-style:solid;\" ><div class=\"fusion-builder-row fusion-row fusion-flex-align-items-flex-start\" style=\"max-width:1216.8px;margin-left: calc(-4% \/ 2 );margin-right: calc(-4% \/ 2 );\"><div class=\"fusion-layout-column fusion_builder_column fusion-builder-column-1 fusion_builder_column_1_3 1_3 fusion-flex-column\"><div class=\"fusion-column-wrapper fusion-flex-justify-content-flex-start fusion-content-layout-column\" style=\"background-position:left top;background-repeat:no-repeat;-webkit-background-size:cover;-moz-background-size:cover;-o-background-size:cover;background-size:cover;padding: 0px 0px 0px 0px;\"><div class=\"fusion-text fusion-text-2\"><h3 class=\"fusion-responsive-typography-calculated\" style=\"--fontsize: 20; line-height: 1.5; --minfontsize: 20;\" data-fontsize=\"20\" data-lineheight=\"30px\">Control de qualitat<\/h3>\n<\/div><div class=\"fusion-text fusion-text-3\"><p>La seva missi\u00f3 \u00e9s l&#8217;adquisici\u00f3 i control de mat\u00e8ries primeres i materials que compleixin amb els requisits i especificacions per a l&#8217;elaboraci\u00f3 de cada tipus de formulaci\u00f3 magistral que es prepara en la farm\u00e0cia, aix\u00ed com el control dels productes preparats que el requereixen. Aix\u00f2 inclou tamb\u00e9 el control microbiol\u00f2gic i d&#8217;endotoxines bacterianes de productes est\u00e8rils i de l&#8217;aigua que s&#8217;utilitza per a l&#8217;elaboraci\u00f3 de les formulacions magistrals per a assegurar que compleix, en cada cas, amb les exig\u00e8ncies marcades per la farmacopea.<\/p>\n<\/div><\/div><style type=\"text\/css\">.fusion-body .fusion-builder-column-1{width:33.333333333333% !important;margin-top : 0px;margin-bottom : 30px;}.fusion-builder-column-1 > .fusion-column-wrapper {padding-top : 0px !important;padding-right : 0px !important;margin-right : 5.76%;padding-bottom : 0px !important;padding-left : 0px !important;margin-left : 5.76%;}@media only screen and (max-width:1024px) {.fusion-body .fusion-builder-column-1{width:100% !important;order : 0;}.fusion-builder-column-1 > .fusion-column-wrapper {margin-right : 1.92%;margin-left : 1.92%;}}@media only screen and (max-width:640px) {.fusion-body .fusion-builder-column-1{width:100% !important;order : 0;}.fusion-builder-column-1 > .fusion-column-wrapper {margin-right : 1.92%;margin-left : 1.92%;}}<\/style><\/div><div class=\"fusion-layout-column fusion_builder_column fusion-builder-column-2 fusion_builder_column_1_3 1_3 fusion-flex-column\"><div class=\"fusion-column-wrapper fusion-flex-justify-content-flex-start fusion-content-layout-column\" style=\"background-position:left top;background-repeat:no-repeat;-webkit-background-size:cover;-moz-background-size:cover;-o-background-size:cover;background-size:cover;padding: 0px 0px 0px 0px;\"><div class=\"fusion-text fusion-text-4\"><h3 class=\"fusion-responsive-typography-calculated\" style=\"--fontsize: 20; line-height: 1.5; --minfontsize: 20;\" data-fontsize=\"20\" data-lineheight=\"30px\">Elaboraci\u00f3 de formulacions magistrals no est\u00e8rils<\/h3>\n<\/div><div class=\"fusion-text fusion-text-5\"><p>En aquest departament s&#8217;avalua la idone\u00eftat de les prescripcions no est\u00e8rils rebudes i que s&#8217;ajustin a la legislaci\u00f3 vigent. S&#8217;elaboren c\u00e0psules, comprimits, emulsions, pomades, solucions, supositoris, \u00f2vuls, etc. i es controla la seva correcta elaboraci\u00f3 pel personal farmac\u00e8utic que forma part d&#8217;aquesta \u00e0rea.<\/p>\n<\/div><\/div><style type=\"text\/css\">.fusion-body .fusion-builder-column-2{width:33.333333333333% !important;margin-top : 0px;margin-bottom : 30px;}.fusion-builder-column-2 > .fusion-column-wrapper {padding-top : 0px !important;padding-right : 0px !important;margin-right : 5.76%;padding-bottom : 0px !important;padding-left : 0px !important;margin-left : 5.76%;}@media only screen and (max-width:1024px) {.fusion-body .fusion-builder-column-2{width:100% !important;order : 0;}.fusion-builder-column-2 > .fusion-column-wrapper {margin-right : 1.92%;margin-left : 1.92%;}}@media only screen and (max-width:640px) {.fusion-body .fusion-builder-column-2{width:100% !important;order : 0;}.fusion-builder-column-2 > .fusion-column-wrapper {margin-right : 1.92%;margin-left : 1.92%;}}<\/style><\/div><div class=\"fusion-layout-column fusion_builder_column fusion-builder-column-3 fusion_builder_column_1_3 1_3 fusion-flex-column\"><div class=\"fusion-column-wrapper fusion-flex-justify-content-flex-start fusion-content-layout-column\" style=\"background-position:left top;background-repeat:no-repeat;-webkit-background-size:cover;-moz-background-size:cover;-o-background-size:cover;background-size:cover;padding: 0px 0px 0px 0px;\"><div class=\"fusion-text fusion-text-6\"><h3 class=\"fusion-responsive-typography-calculated\" style=\"--fontsize: 20; line-height: 1.5; --minfontsize: 20;\" data-fontsize=\"20\" data-lineheight=\"30px\">Elaboraci\u00f3 de formulacions magistrals est\u00e8rils<\/h3>\n<\/div><div class=\"fusion-text fusion-text-7\"><p><span style=\"font-weight: 400;\">En aquest departament s&#8217;avalua la idone\u00eftat de les prescripcions est\u00e8rils rebudes i que s&#8217;ajustin a la legislaci\u00f3 vigent, resolent els dubtes que, sovint, els prescriptores o altres farmac\u00e8utics puguin plantejar entorn de la viabilitat de la preparaci\u00f3 de les formulacions. S&#8217;elaboren productes est\u00e8rils com a col\u00b7liris, pomades oft\u00e0lmiques, solucions, suspensions, liofilitzats, gels, etc. i es controla la seva correcta elaboraci\u00f3 pel personal farmac\u00e8utic que forma part d&#8217;aquesta \u00e0rea realitzant els controls en proc\u00e9s necessaris. Tots els productes est\u00e8rils passen un control f\u00edsic-qu\u00edmic, microbiol\u00f2gic, visual (per a garantir l&#8217;abs\u00e8ncia de part\u00edcules en totes les unitats de les solucions envasades) i, en els casos que el requereixin, control d&#8217;endotoxines.<\/span><\/p>\n<\/div><\/div><style type=\"text\/css\">.fusion-body .fusion-builder-column-3{width:33.333333333333% !important;margin-top : 0px;margin-bottom : 30px;}.fusion-builder-column-3 > .fusion-column-wrapper {padding-top : 0px !important;padding-right : 0px !important;margin-right : 5.76%;padding-bottom : 0px !important;padding-left : 0px !important;margin-left : 5.76%;}@media only screen and (max-width:1024px) {.fusion-body .fusion-builder-column-3{width:100% !important;order : 0;}.fusion-builder-column-3 > .fusion-column-wrapper {margin-right : 1.92%;margin-left : 1.92%;}}@media only screen and (max-width:640px) {.fusion-body .fusion-builder-column-3{width:100% !important;order : 0;}.fusion-builder-column-3 > .fusion-column-wrapper {margin-right : 1.92%;margin-left : 1.92%;}}<\/style><\/div><div class=\"fusion-layout-column fusion_builder_column fusion-builder-column-4 fusion_builder_column_1_1 1_1 fusion-flex-column\"><div class=\"fusion-column-wrapper fusion-flex-justify-content-flex-start fusion-content-layout-column\" style=\"background-position:left top;background-repeat:no-repeat;-webkit-background-size:cover;-moz-background-size:cover;-o-background-size:cover;background-size:cover;padding: 0px 0px 0px 0px;\"><style type=\"text\/css\">.fusion-gallery-1 .fusion-gallery-image {border:0px solid #e2e2e2;}<\/style><div class=\"fusion-gallery fusion-gallery-container fusion-grid-3 fusion-columns-total-6 fusion-gallery-layout-grid fusion-gallery-1\" style=\"margin:0px;\"><div style=\"padding:0px;\" class=\"fusion-grid-column fusion-gallery-column fusion-gallery-column-3 hover-type-none\"><div class=\"fusion-gallery-image\"><a href=\"https:\/\/farmaciacarreras.es\/wp-content\/uploads\/2021\/06\/lab1-min.jpg\" rel=\"noreferrer\" data-rel=\"iLightbox[gallery_image_1]\" class=\"fusion-lightbox\" target=\"_self\"><img decoding=\"async\" src=\"https:\/\/farmaciacarreras.es\/wp-content\/uploads\/2021\/06\/lab1-min.jpg\" width=\"2000\" height=\"1500\" alt=\"\" title=\"lab1-min\" aria-label=\"lab1-min\" class=\"img-responsive wp-image-1224\" srcset=\"https:\/\/farmaciacarreras.es\/wp-content\/uploads\/2021\/06\/lab1-min-200x150.jpg 200w, https:\/\/farmaciacarreras.es\/wp-content\/uploads\/2021\/06\/lab1-min-400x300.jpg 400w, https:\/\/farmaciacarreras.es\/wp-content\/uploads\/2021\/06\/lab1-min-600x450.jpg 600w, https:\/\/farmaciacarreras.es\/wp-content\/uploads\/2021\/06\/lab1-min-800x600.jpg 800w, https:\/\/farmaciacarreras.es\/wp-content\/uploads\/2021\/06\/lab1-min-1200x900.jpg 1200w, https:\/\/farmaciacarreras.es\/wp-content\/uploads\/2021\/06\/lab1-min.jpg 2000w\" sizes=\"(min-width: 2200px) 100vw, (min-width: 824px) 390px, (min-width: 732px) 585px, (min-width: 640px) 732px, \" \/><\/a><\/div><\/div><div style=\"padding:0px;\" class=\"fusion-grid-column fusion-gallery-column fusion-gallery-column-3 hover-type-none\"><div class=\"fusion-gallery-image\"><a href=\"https:\/\/farmaciacarreras.es\/wp-content\/uploads\/2021\/06\/lab8-min.jpg\" rel=\"noreferrer\" data-rel=\"iLightbox[gallery_image_1]\" class=\"fusion-lightbox\" target=\"_self\"><img decoding=\"async\" src=\"https:\/\/farmaciacarreras.es\/wp-content\/uploads\/2021\/06\/lab8-min.jpg\" width=\"2000\" height=\"1500\" alt=\"\" title=\"lab8-min\" aria-label=\"lab8-min\" class=\"img-responsive wp-image-1230\" srcset=\"https:\/\/farmaciacarreras.es\/wp-content\/uploads\/2021\/06\/lab8-min-200x150.jpg 200w, https:\/\/farmaciacarreras.es\/wp-content\/uploads\/2021\/06\/lab8-min-400x300.jpg 400w, https:\/\/farmaciacarreras.es\/wp-content\/uploads\/2021\/06\/lab8-min-600x450.jpg 600w, https:\/\/farmaciacarreras.es\/wp-content\/uploads\/2021\/06\/lab8-min-800x600.jpg 800w, https:\/\/farmaciacarreras.es\/wp-content\/uploads\/2021\/06\/lab8-min-1200x900.jpg 1200w, https:\/\/farmaciacarreras.es\/wp-content\/uploads\/2021\/06\/lab8-min.jpg 2000w\" sizes=\"(min-width: 2200px) 100vw, (min-width: 824px) 390px, (min-width: 732px) 585px, (min-width: 640px) 732px, \" \/><\/a><\/div><\/div><div style=\"padding:0px;\" class=\"fusion-grid-column fusion-gallery-column fusion-gallery-column-3 hover-type-none\"><div class=\"fusion-gallery-image\"><a href=\"https:\/\/farmaciacarreras.es\/wp-content\/uploads\/2021\/06\/lab7-min.jpg\" rel=\"noreferrer\" data-rel=\"iLightbox[gallery_image_1]\" class=\"fusion-lightbox\" target=\"_self\"><img decoding=\"async\" src=\"https:\/\/farmaciacarreras.es\/wp-content\/uploads\/2021\/06\/lab7-min.jpg\" width=\"2000\" height=\"1500\" alt=\"\" title=\"lab7-min\" aria-label=\"lab7-min\" class=\"img-responsive wp-image-1229\" srcset=\"https:\/\/farmaciacarreras.es\/wp-content\/uploads\/2021\/06\/lab7-min-200x150.jpg 200w, https:\/\/farmaciacarreras.es\/wp-content\/uploads\/2021\/06\/lab7-min-400x300.jpg 400w, https:\/\/farmaciacarreras.es\/wp-content\/uploads\/2021\/06\/lab7-min-600x450.jpg 600w, https:\/\/farmaciacarreras.es\/wp-content\/uploads\/2021\/06\/lab7-min-800x600.jpg 800w, https:\/\/farmaciacarreras.es\/wp-content\/uploads\/2021\/06\/lab7-min-1200x900.jpg 1200w, https:\/\/farmaciacarreras.es\/wp-content\/uploads\/2021\/06\/lab7-min.jpg 2000w\" sizes=\"(min-width: 2200px) 100vw, (min-width: 824px) 390px, (min-width: 732px) 585px, (min-width: 640px) 732px, \" \/><\/a><\/div><\/div><div class=\"clearfix\"><\/div><div style=\"padding:0px;\" class=\"fusion-grid-column fusion-gallery-column fusion-gallery-column-3 hover-type-none\"><div class=\"fusion-gallery-image\"><a href=\"https:\/\/farmaciacarreras.es\/wp-content\/uploads\/2021\/06\/lab5-min.jpg\" rel=\"noreferrer\" data-rel=\"iLightbox[gallery_image_1]\" class=\"fusion-lightbox\" target=\"_self\"><img decoding=\"async\" src=\"https:\/\/farmaciacarreras.es\/wp-content\/uploads\/2021\/06\/lab5-min.jpg\" width=\"2000\" height=\"1500\" alt=\"\" title=\"lab5-min\" aria-label=\"lab5-min\" class=\"img-responsive wp-image-1228\" srcset=\"https:\/\/farmaciacarreras.es\/wp-content\/uploads\/2021\/06\/lab5-min-200x150.jpg 200w, https:\/\/farmaciacarreras.es\/wp-content\/uploads\/2021\/06\/lab5-min-400x300.jpg 400w, https:\/\/farmaciacarreras.es\/wp-content\/uploads\/2021\/06\/lab5-min-600x450.jpg 600w, https:\/\/farmaciacarreras.es\/wp-content\/uploads\/2021\/06\/lab5-min-800x600.jpg 800w, https:\/\/farmaciacarreras.es\/wp-content\/uploads\/2021\/06\/lab5-min-1200x900.jpg 1200w, https:\/\/farmaciacarreras.es\/wp-content\/uploads\/2021\/06\/lab5-min.jpg 2000w\" sizes=\"(min-width: 2200px) 100vw, (min-width: 824px) 390px, (min-width: 732px) 585px, (min-width: 640px) 732px, \" \/><\/a><\/div><\/div><div style=\"padding:0px;\" class=\"fusion-grid-column fusion-gallery-column fusion-gallery-column-3 hover-type-none\"><div class=\"fusion-gallery-image\"><a href=\"https:\/\/farmaciacarreras.es\/wp-content\/uploads\/2021\/06\/lab4-min.jpg\" rel=\"noreferrer\" data-rel=\"iLightbox[gallery_image_1]\" class=\"fusion-lightbox\" target=\"_self\"><img decoding=\"async\" src=\"https:\/\/farmaciacarreras.es\/wp-content\/uploads\/2021\/06\/lab4-min.jpg\" width=\"2000\" height=\"1500\" alt=\"\" title=\"lab4-min\" aria-label=\"lab4-min\" class=\"img-responsive wp-image-1227\" srcset=\"https:\/\/farmaciacarreras.es\/wp-content\/uploads\/2021\/06\/lab4-min-200x150.jpg 200w, https:\/\/farmaciacarreras.es\/wp-content\/uploads\/2021\/06\/lab4-min-400x300.jpg 400w, https:\/\/farmaciacarreras.es\/wp-content\/uploads\/2021\/06\/lab4-min-600x450.jpg 600w, https:\/\/farmaciacarreras.es\/wp-content\/uploads\/2021\/06\/lab4-min-800x600.jpg 800w, https:\/\/farmaciacarreras.es\/wp-content\/uploads\/2021\/06\/lab4-min-1200x900.jpg 1200w, https:\/\/farmaciacarreras.es\/wp-content\/uploads\/2021\/06\/lab4-min.jpg 2000w\" sizes=\"(min-width: 2200px) 100vw, (min-width: 824px) 390px, (min-width: 732px) 585px, (min-width: 640px) 732px, \" \/><\/a><\/div><\/div><div style=\"padding:0px;\" class=\"fusion-grid-column fusion-gallery-column fusion-gallery-column-3 hover-type-none\"><div class=\"fusion-gallery-image\"><a href=\"https:\/\/farmaciacarreras.es\/wp-content\/uploads\/2021\/06\/lab3-min.jpg\" rel=\"noreferrer\" data-rel=\"iLightbox[gallery_image_1]\" class=\"fusion-lightbox\" target=\"_self\"><img decoding=\"async\" src=\"https:\/\/farmaciacarreras.es\/wp-content\/uploads\/2021\/06\/lab3-min.jpg\" width=\"2000\" height=\"1500\" alt=\"\" title=\"lab3-min\" aria-label=\"lab3-min\" class=\"img-responsive wp-image-1226\" srcset=\"https:\/\/farmaciacarreras.es\/wp-content\/uploads\/2021\/06\/lab3-min-200x150.jpg 200w, https:\/\/farmaciacarreras.es\/wp-content\/uploads\/2021\/06\/lab3-min-400x300.jpg 400w, https:\/\/farmaciacarreras.es\/wp-content\/uploads\/2021\/06\/lab3-min-600x450.jpg 600w, https:\/\/farmaciacarreras.es\/wp-content\/uploads\/2021\/06\/lab3-min-800x600.jpg 800w, https:\/\/farmaciacarreras.es\/wp-content\/uploads\/2021\/06\/lab3-min-1200x900.jpg 1200w, https:\/\/farmaciacarreras.es\/wp-content\/uploads\/2021\/06\/lab3-min.jpg 2000w\" sizes=\"(min-width: 2200px) 100vw, (min-width: 824px) 390px, (min-width: 732px) 585px, (min-width: 640px) 732px, \" \/><\/a><\/div><\/div><div class=\"clearfix\"><\/div><\/div><\/div><style type=\"text\/css\">.fusion-body .fusion-builder-column-4{width:100% !important;margin-top : 0px;margin-bottom : 30px;}.fusion-builder-column-4 > .fusion-column-wrapper {padding-top : 0px !important;padding-right : 0px !important;margin-right : 1.92%;padding-bottom : 0px !important;padding-left : 0px !important;margin-left : 1.92%;}@media only screen and (max-width:1024px) {.fusion-body .fusion-builder-column-4{width:100% !important;order : 0;}.fusion-builder-column-4 > .fusion-column-wrapper {margin-right : 1.92%;margin-left : 1.92%;}}@media only screen and (max-width:640px) {.fusion-body .fusion-builder-column-4{width:100% !important;order : 0;}.fusion-builder-column-4 > .fusion-column-wrapper {margin-right : 1.92%;margin-left : 1.92%;}}<\/style><\/div><\/div><style type=\"text\/css\">.fusion-body .fusion-flex-container.fusion-builder-row-2{ padding-top : 2%;margin-top : 0px;padding-right : 0px;padding-bottom : 2%;margin-bottom : 0px;padding-left : 0px;}<\/style><\/div><div class=\"fusion-fullwidth fullwidth-box fusion-builder-row-3 fusion-flex-container nonhundred-percent-fullwidth non-hundred-percent-height-scrolling\" style=\"background-color: rgba(255,255,255,0);background-position: center center;background-repeat: no-repeat;border-width: 0px 0px 0px 0px;border-color:#eae9e9;border-style:solid;\" ><div class=\"fusion-builder-row fusion-row fusion-flex-align-items-flex-start\" style=\"max-width:1216.8px;margin-left: calc(-4% \/ 2 );margin-right: calc(-4% \/ 2 );\"><div class=\"fusion-layout-column fusion_builder_column fusion-builder-column-5 fusion_builder_column_1_1 1_1 fusion-flex-column\"><div class=\"fusion-column-wrapper fusion-flex-justify-content-flex-start fusion-content-layout-column\" style=\"background-position:left top;background-repeat:no-repeat;-webkit-background-size:cover;-moz-background-size:cover;-o-background-size:cover;background-size:cover;padding: 0px 0px 0px 0px;\"><\/div><style type=\"text\/css\">.fusion-body .fusion-builder-column-5{width:100% !important;margin-top : 0px;margin-bottom : 0px;}.fusion-builder-column-5 > .fusion-column-wrapper {padding-top : 0px !important;padding-right : 0px !important;margin-right : 1.92%;padding-bottom : 0px !important;padding-left : 0px !important;margin-left : 1.92%;}@media only screen and (max-width:1024px) {.fusion-body .fusion-builder-column-5{width:100% !important;order : 0;}.fusion-builder-column-5 > .fusion-column-wrapper {margin-right : 1.92%;margin-left : 1.92%;}}@media only screen and (max-width:640px) {.fusion-body .fusion-builder-column-5{width:100% !important;order : 0;}.fusion-builder-column-5 > .fusion-column-wrapper {margin-right : 1.92%;margin-left : 1.92%;}}<\/style><\/div><\/div><style type=\"text\/css\">.fusion-body .fusion-flex-container.fusion-builder-row-3{ padding-top : 0px;margin-top : 0px;padding-right : 0px;padding-bottom : 0px;margin-bottom : 0px;padding-left : 0px;}<\/style><\/div><\/p>\n","protected":false},"excerpt":{"rendered":"","protected":false},"author":1,"featured_media":0,"parent":0,"menu_order":0,"comment_status":"closed","ping_status":"closed","template":"100-width.php","meta":{"footnotes":""},"yoast_head":"<!-- This site is optimized with the Yoast SEO plugin v21.0 - https:\/\/yoast.com\/wordpress\/plugins\/seo\/ -->\n<title>El laboratori - Farmacia Dr.Carreras<\/title>\n<meta name=\"robots\" content=\"index, follow, max-snippet:-1, max-image-preview:large, max-video-preview:-1\" \/>\n<link rel=\"canonical\" href=\"https:\/\/farmaciacarreras.es\/ca\/el-laboratori\/\" \/>\n<meta property=\"og:locale\" content=\"ca_ES\" \/>\n<meta property=\"og:type\" content=\"article\" \/>\n<meta property=\"og:title\" content=\"El laboratori - Farmacia Dr.Carreras\" \/>\n<meta property=\"og:url\" content=\"https:\/\/farmaciacarreras.es\/ca\/el-laboratori\/\" \/>\n<meta property=\"og:site_name\" content=\"Farmacia Dr.Carreras\" \/>\n<meta property=\"article:modified_time\" content=\"2021-08-03T09:43:47+00:00\" \/>\n<meta name=\"twitter:card\" content=\"summary_large_image\" \/>\n<meta name=\"twitter:label1\" content=\"Temps estimat de lectura\" \/>\n\t<meta name=\"twitter:data1\" content=\"6 minuts\" \/>\n<script type=\"application\/ld+json\" class=\"yoast-schema-graph\">{\"@context\":\"https:\/\/schema.org\",\"@graph\":[{\"@type\":\"WebPage\",\"@id\":\"https:\/\/farmaciacarreras.es\/ca\/el-laboratori\/\",\"url\":\"https:\/\/farmaciacarreras.es\/ca\/el-laboratori\/\",\"name\":\"El laboratori - Farmacia Dr.Carreras\",\"isPartOf\":{\"@id\":\"https:\/\/farmaciacarreras.es\/es\/#website\"},\"datePublished\":\"2021-06-18T15:41:40+00:00\",\"dateModified\":\"2021-08-03T09:43:47+00:00\",\"breadcrumb\":{\"@id\":\"https:\/\/farmaciacarreras.es\/ca\/el-laboratori\/#breadcrumb\"},\"inLanguage\":\"ca\",\"potentialAction\":[{\"@type\":\"ReadAction\",\"target\":[\"https:\/\/farmaciacarreras.es\/ca\/el-laboratori\/\"]}]},{\"@type\":\"BreadcrumbList\",\"@id\":\"https:\/\/farmaciacarreras.es\/ca\/el-laboratori\/#breadcrumb\",\"itemListElement\":[{\"@type\":\"ListItem\",\"position\":1,\"name\":\"Portada\",\"item\":\"https:\/\/farmaciacarreras.es\/ca\/\"},{\"@type\":\"ListItem\",\"position\":2,\"name\":\"El laboratori\"}]},{\"@type\":\"WebSite\",\"@id\":\"https:\/\/farmaciacarreras.es\/es\/#website\",\"url\":\"https:\/\/farmaciacarreras.es\/es\/\",\"name\":\"Farmacia Dr.Carreras\",\"description\":\"FARMACIA DR. CARRERAS. Elaboraci\u00f3n y control de medicamentos. Tel 93 318 70 99 Fax 93 412 32 32. Carrer Hospital, 14 - 08001 Barcelona.\",\"publisher\":{\"@id\":\"https:\/\/farmaciacarreras.es\/es\/#organization\"},\"potentialAction\":[{\"@type\":\"SearchAction\",\"target\":{\"@type\":\"EntryPoint\",\"urlTemplate\":\"https:\/\/farmaciacarreras.es\/es\/?s={search_term_string}\"},\"query-input\":\"required name=search_term_string\"}],\"inLanguage\":\"ca\"},{\"@type\":\"Organization\",\"@id\":\"https:\/\/farmaciacarreras.es\/es\/#organization\",\"name\":\"Farmacia Dr. Carreras\",\"url\":\"https:\/\/farmaciacarreras.es\/es\/\",\"logo\":{\"@type\":\"ImageObject\",\"inLanguage\":\"ca\",\"@id\":\"https:\/\/farmaciacarreras.es\/es\/#\/schema\/logo\/image\/\",\"url\":\"https:\/\/farmaciacarreras.es\/wp-content\/uploads\/2015\/12\/LOGO-Texto-Home.jpg\",\"contentUrl\":\"https:\/\/farmaciacarreras.es\/wp-content\/uploads\/2015\/12\/LOGO-Texto-Home.jpg\",\"width\":120,\"height\":138,\"caption\":\"Farmacia Dr. Carreras\"},\"image\":{\"@id\":\"https:\/\/farmaciacarreras.es\/es\/#\/schema\/logo\/image\/\"}}]}<\/script>\n<!-- \/ Yoast SEO plugin. -->","yoast_head_json":{"title":"El laboratori - Farmacia Dr.Carreras","robots":{"index":"index","follow":"follow","max-snippet":"max-snippet:-1","max-image-preview":"max-image-preview:large","max-video-preview":"max-video-preview:-1"},"canonical":"https:\/\/farmaciacarreras.es\/ca\/el-laboratori\/","og_locale":"ca_ES","og_type":"article","og_title":"El laboratori - Farmacia Dr.Carreras","og_url":"https:\/\/farmaciacarreras.es\/ca\/el-laboratori\/","og_site_name":"Farmacia Dr.Carreras","article_modified_time":"2021-08-03T09:43:47+00:00","twitter_card":"summary_large_image","twitter_misc":{"Temps estimat de lectura":"6 minuts"},"schema":{"@context":"https:\/\/schema.org","@graph":[{"@type":"WebPage","@id":"https:\/\/farmaciacarreras.es\/ca\/el-laboratori\/","url":"https:\/\/farmaciacarreras.es\/ca\/el-laboratori\/","name":"El laboratori - Farmacia Dr.Carreras","isPartOf":{"@id":"https:\/\/farmaciacarreras.es\/es\/#website"},"datePublished":"2021-06-18T15:41:40+00:00","dateModified":"2021-08-03T09:43:47+00:00","breadcrumb":{"@id":"https:\/\/farmaciacarreras.es\/ca\/el-laboratori\/#breadcrumb"},"inLanguage":"ca","potentialAction":[{"@type":"ReadAction","target":["https:\/\/farmaciacarreras.es\/ca\/el-laboratori\/"]}]},{"@type":"BreadcrumbList","@id":"https:\/\/farmaciacarreras.es\/ca\/el-laboratori\/#breadcrumb","itemListElement":[{"@type":"ListItem","position":1,"name":"Portada","item":"https:\/\/farmaciacarreras.es\/ca\/"},{"@type":"ListItem","position":2,"name":"El laboratori"}]},{"@type":"WebSite","@id":"https:\/\/farmaciacarreras.es\/es\/#website","url":"https:\/\/farmaciacarreras.es\/es\/","name":"Farmacia Dr.Carreras","description":"FARMACIA DR. CARRERAS. Elaboraci\u00f3n y control de medicamentos. Tel 93 318 70 99 Fax 93 412 32 32. Carrer Hospital, 14 - 08001 Barcelona.","publisher":{"@id":"https:\/\/farmaciacarreras.es\/es\/#organization"},"potentialAction":[{"@type":"SearchAction","target":{"@type":"EntryPoint","urlTemplate":"https:\/\/farmaciacarreras.es\/es\/?s={search_term_string}"},"query-input":"required name=search_term_string"}],"inLanguage":"ca"},{"@type":"Organization","@id":"https:\/\/farmaciacarreras.es\/es\/#organization","name":"Farmacia Dr. Carreras","url":"https:\/\/farmaciacarreras.es\/es\/","logo":{"@type":"ImageObject","inLanguage":"ca","@id":"https:\/\/farmaciacarreras.es\/es\/#\/schema\/logo\/image\/","url":"https:\/\/farmaciacarreras.es\/wp-content\/uploads\/2015\/12\/LOGO-Texto-Home.jpg","contentUrl":"https:\/\/farmaciacarreras.es\/wp-content\/uploads\/2015\/12\/LOGO-Texto-Home.jpg","width":120,"height":138,"caption":"Farmacia Dr. Carreras"},"image":{"@id":"https:\/\/farmaciacarreras.es\/es\/#\/schema\/logo\/image\/"}}]}},"_links":{"self":[{"href":"https:\/\/farmaciacarreras.es\/ca\/wp-json\/wp\/v2\/pages\/1286"}],"collection":[{"href":"https:\/\/farmaciacarreras.es\/ca\/wp-json\/wp\/v2\/pages"}],"about":[{"href":"https:\/\/farmaciacarreras.es\/ca\/wp-json\/wp\/v2\/types\/page"}],"author":[{"embeddable":true,"href":"https:\/\/farmaciacarreras.es\/ca\/wp-json\/wp\/v2\/users\/1"}],"replies":[{"embeddable":true,"href":"https:\/\/farmaciacarreras.es\/ca\/wp-json\/wp\/v2\/comments?post=1286"}],"version-history":[{"count":8,"href":"https:\/\/farmaciacarreras.es\/ca\/wp-json\/wp\/v2\/pages\/1286\/revisions"}],"predecessor-version":[{"id":1568,"href":"https:\/\/farmaciacarreras.es\/ca\/wp-json\/wp\/v2\/pages\/1286\/revisions\/1568"}],"wp:attachment":[{"href":"https:\/\/farmaciacarreras.es\/ca\/wp-json\/wp\/v2\/media?parent=1286"}],"curies":[{"name":"wp","href":"https:\/\/api.w.org\/{rel}","templated":true}]}}