{"id":1288,"date":"2021-06-18T16:39:12","date_gmt":"2021-06-18T16:39:12","guid":{"rendered":"https:\/\/farmaciacarreras.es\/?page_id=1288"},"modified":"2021-07-23T06:55:49","modified_gmt":"2021-07-23T06:55:49","slug":"la-farmacia","status":"publish","type":"page","link":"https:\/\/farmaciacarreras.es\/ca\/la-farmacia\/","title":{"rendered":"La farmacia"},"content":{"rendered":"<p><div class=\"fusion-fullwidth fullwidth-box fusion-builder-row-1 nonhundred-percent-fullwidth non-hundred-percent-height-scrolling\" style=\"background-color: rgba(255,255,255,0);background-position: center center;background-repeat: no-repeat;padding-top:0px;padding-right:0px;padding-bottom:0px;padding-left:0px;margin-bottom: 0px;margin-top: 0px;border-width: 0px 0px 0px 0px;border-color:#eae9e9;border-style:solid;\" ><div class=\"fusion-builder-row fusion-row\"><div class=\"fusion-layout-column fusion_builder_column fusion-builder-column-0 fusion_builder_column_1_1 1_1 fusion-one-full fusion-column-first fusion-column-last\" style=\"margin-top:0px;margin-bottom:0px;\"><div class=\"fusion-column-wrapper fusion-flex-column-wrapper-legacy\" style=\"background-position:left top;background-repeat:no-repeat;-webkit-background-size:cover;-moz-background-size:cover;-o-background-size:cover;background-size:cover;padding: 0px 0px 0px 0px;\"><style type=\"text\/css\"><\/style><div class=\"fusion-title title fusion-title-1 fusion-sep-none fusion-title-text fusion-title-size-one\" style=\"margin-top:0px;margin-right:0px;margin-bottom:0px;margin-left:0px;\"><h1 class=\"title-heading-left fusion-responsive-typography-calculated\" style=\"margin:0;--fontSize:60;line-height:1;\"><h2 style=\"text-align: center;\">HIST\u00d2RIA<\/h2><\/h1><\/div><div class=\"fusion-sep-clear\"><\/div><div class=\"fusion-separator\" style=\"margin-left: auto;margin-right: auto;margin-top:20px;margin-bottom:60px;width:100%;max-width:300px;\"><div class=\"fusion-separator-border sep-single sep-solid\" style=\"border-color:#e0dede;border-top-width:1px;\"><\/div><\/div><div class=\"fusion-sep-clear\"><\/div><div class=\"fusion-builder-row fusion-builder-row-inner fusion-row\"><div class=\"fusion-layout-column fusion_builder_column_inner fusion-builder-nested-column-0 fusion_builder_column_inner_1_2 1_2 fusion-one-half fusion-column-first\" style=\"width:50%;width:calc(50% - ( ( 4% ) * 0.5 ) );margin-right: 4%;margin-top:60px;margin-bottom:60px;\"><div class=\"fusion-column-wrapper fusion-flex-column-wrapper-legacy\" style=\"background-image: url(&#039;https:\/\/farmaciacarreras.es\/wp-content\/uploads\/2018\/06\/la-farmacia-002.jpg&#039;);background-position:left top;background-repeat:no-repeat;-webkit-background-size:cover;-moz-background-size:cover;-o-background-size:cover;background-size:cover;padding: 0px 0px 0px 0px;\" data-bg-url=\"https:\/\/farmaciacarreras.es\/wp-content\/uploads\/2018\/06\/la-farmacia-002.jpg\"><div class=\"fusion-clearfix\"><\/div><\/div><\/div><div class=\"fusion-layout-column fusion_builder_column_inner fusion-builder-nested-column-1 fusion_builder_column_inner_1_2 1_2 fusion-one-half fusion-column-last\" style=\"width:50%;width:calc(50% - ( ( 4% ) * 0.5 ) );margin-top:60px;margin-bottom:60px;\"><div class=\"fusion-column-wrapper fusion-flex-column-wrapper-legacy\" style=\"background-position:left top;background-repeat:no-repeat;-webkit-background-size:cover;-moz-background-size:cover;-o-background-size:cover;background-size:cover;padding: 0px 0px 0px 0px;\"><div class=\"fusion-text fusion-text-1\"><p>La Farm\u00e0cia Dr. Carreras va ser adquirida pel Dr. Eusebi Carreras Ginjaume en 1957, pioner en l&#8217;elaboraci\u00f3 de formulacions magistrals despr\u00e9s d&#8217;unes d\u00e8cades en les quals aquesta activitat, purament farmac\u00e8utica, pr\u00e0cticament desaparegu\u00e9s amb la universalitzaci\u00f3 de les Especialitats Farmac\u00e8utiques que van fer de la seva dispensaci\u00f3 la principal activitat de les oficines de farm\u00e0cia.<br \/>\nAix\u00f2 va ser conseq\u00fc\u00e8ncia de la seva prescripci\u00f3 pels metges que, a poc a poc, havien perdut l&#8217;h\u00e0bit d&#8217;instaurar tractaments personalitzats sobre la base de la prescripci\u00f3 de formulacions magistrals per als seus pacients.<\/p>\n<p>Sota la seva direcci\u00f3 la farm\u00e0cia del Dr. Eusebio Carreras es va convertir en referent de la formulaci\u00f3 magistral elaborant tot tipus de formulacions magistrals i aconseguint el nivell 2 d&#8217;autoritzaci\u00f3.<\/p>\n<p>Despr\u00e9s de la seva defunci\u00f3 al desembre de 2015 la titularitat de la farm\u00e0cia va passar al Dr. Miquel Carreras Coma, que ha conservat l&#8217;esperit inicial del seu fundador mantenint l&#8217;elaboraci\u00f3 de formulacions magistrals en el centre de l&#8217;activitat de l&#8217;equip de la farm\u00e0cia i renovant el nivell 2 d&#8217;autoritzaci\u00f3. A la fi de 2020 es va inaugurar un nou laboratori d&#8217;elaboraci\u00f3 de formulacions est\u00e8rils amb la finalitat d&#8217;adaptar-se als m\u00e9s estrictes requeriments que la preparaci\u00f3 d&#8217;aquesta categoria de productes exigeixen.<\/p>\n<\/div><div class=\"fusion-clearfix\"><\/div><\/div><\/div><\/div><div class=\"fusion-clearfix\"><\/div><\/div><\/div><\/div><\/div><div class=\"fusion-fullwidth fullwidth-box fusion-builder-row-2 nonhundred-percent-fullwidth non-hundred-percent-height-scrolling\" style=\"background-color: #f4f5f9;background-position: center center;background-repeat: no-repeat;padding-top:4%;padding-right:0px;padding-bottom:4%;padding-left:0px;margin-bottom: 0px;margin-top: 0px;border-width: 0px 0px 0px 0px;border-color:#eae9e9;border-style:solid;\" ><div class=\"fusion-builder-row fusion-row\"><div class=\"fusion-layout-column fusion_builder_column fusion-builder-column-1 fusion_builder_column_1_1 1_1 fusion-one-full fusion-column-first fusion-column-last\" style=\"margin-top:0px;margin-bottom:0px;\"><div class=\"fusion-column-wrapper fusion-flex-column-wrapper-legacy\" style=\"background-position:left top;background-repeat:no-repeat;-webkit-background-size:cover;-moz-background-size:cover;-o-background-size:cover;background-size:cover;padding: 0px 0px 0px 0px;\"><style type=\"text\/css\"><\/style><div class=\"fusion-title title fusion-title-2 fusion-sep-none fusion-title-text fusion-title-size-one\" style=\"margin-top:0px;margin-right:0px;margin-bottom:0px;margin-left:0px;\"><h1 class=\"title-heading-left fusion-responsive-typography-calculated\" style=\"margin:0;--fontSize:60;line-height:1;\"><h2 style=\"text-align: center;\">EQUIP<\/h2><\/h1><\/div><div class=\"fusion-sep-clear\"><\/div><div class=\"fusion-separator\" style=\"margin-left: auto;margin-right: auto;margin-top:20px;margin-bottom:60px;width:100%;max-width:300px;\"><div class=\"fusion-separator-border sep-single sep-solid\" style=\"border-color:#e0dede;border-top-width:1px;\"><\/div><\/div><div class=\"fusion-sep-clear\"><\/div><div class=\"fusion-builder-row fusion-builder-row-inner fusion-row\"><div class=\"fusion-layout-column fusion_builder_column_inner fusion-builder-nested-column-2 fusion_builder_column_inner_1_2 1_2 fusion-one-half fusion-column-first\" style=\"width:50%;width:calc(50% - ( ( 4% ) * 0.5 ) );margin-right: 4%;margin-top:40px;margin-bottom:40px;\"><div class=\"fusion-column-wrapper fusion-flex-column-wrapper-legacy\" style=\"background-position:left top;background-repeat:no-repeat;-webkit-background-size:cover;-moz-background-size:cover;-o-background-size:cover;background-size:cover;padding: 0px 20px 0px 0px;\"><div class=\"fusion-text fusion-text-2\" style=\"text-align:right;\"><p>La formulaci\u00f3 magistral exigeix el treball en equip de t\u00e8cnics especialistes en l&#8217;elaboraci\u00f3 i control de medicaments per a assegurar la qualitat de les formulacions elaborades.<br \/>\nAmb aquesta finalitat l&#8217;equip de la farm\u00e0cia Dr. Carreras est\u00e0 constitu\u00eft per 36 persones, de les quals 10 s\u00f3n farmac\u00e8utics especialistes en les seves respectives activitats, 20 s\u00f3n auxiliars\/t\u00e8cnics en farm\u00e0cia o en elaboraci\u00f3 i control de medicaments i 6 constitueixen el departament d&#8217;administraci\u00f3 i serveis auxiliars.<\/p>\n<\/div><div class=\"fusion-clearfix\"><\/div><\/div><\/div><div class=\"fusion-layout-column fusion_builder_column_inner fusion-builder-nested-column-3 fusion_builder_column_inner_1_2 1_2 fusion-one-half fusion-column-last\" style=\"width:50%;width:calc(50% - ( ( 4% ) * 0.5 ) );margin-top:40px;margin-bottom:40px;\"><div class=\"fusion-column-wrapper fusion-flex-column-wrapper-legacy\" style=\"background-image: url(&#039;https:\/\/farmaciacarreras.es\/wp-content\/uploads\/2021\/06\/lab7-min.jpg&#039;);background-position:left top;background-repeat:no-repeat;-webkit-background-size:cover;-moz-background-size:cover;-o-background-size:cover;background-size:cover;padding: 0px 0px 0px 0px;\" data-bg-url=\"https:\/\/farmaciacarreras.es\/wp-content\/uploads\/2021\/06\/lab7-min.jpg\"><div class=\"fusion-clearfix\"><\/div><\/div><\/div><\/div><div class=\"fusion-clearfix\"><\/div><\/div><\/div><\/div><\/div><\/p>\n","protected":false},"excerpt":{"rendered":"","protected":false},"author":1,"featured_media":0,"parent":0,"menu_order":0,"comment_status":"closed","ping_status":"closed","template":"100-width.php","meta":{"footnotes":""},"yoast_head":"<!-- This site is optimized with the Yoast SEO plugin v21.0 - https:\/\/yoast.com\/wordpress\/plugins\/seo\/ -->\n<title>La farmacia - Farmacia Dr.Carreras<\/title>\n<meta name=\"robots\" content=\"index, follow, max-snippet:-1, max-image-preview:large, max-video-preview:-1\" \/>\n<link rel=\"canonical\" href=\"https:\/\/farmaciacarreras.es\/ca\/la-farmacia\/\" \/>\n<meta property=\"og:locale\" content=\"ca_ES\" \/>\n<meta property=\"og:type\" content=\"article\" \/>\n<meta property=\"og:title\" content=\"La farmacia - Farmacia Dr.Carreras\" \/>\n<meta property=\"og:url\" content=\"https:\/\/farmaciacarreras.es\/ca\/la-farmacia\/\" \/>\n<meta property=\"og:site_name\" content=\"Farmacia Dr.Carreras\" \/>\n<meta property=\"article:modified_time\" content=\"2021-07-23T06:55:49+00:00\" \/>\n<meta name=\"twitter:card\" content=\"summary_large_image\" \/>\n<meta name=\"twitter:label1\" content=\"Temps estimat de lectura\" \/>\n\t<meta name=\"twitter:data1\" content=\"11 minuts\" \/>\n<script type=\"application\/ld+json\" class=\"yoast-schema-graph\">{\"@context\":\"https:\/\/schema.org\",\"@graph\":[{\"@type\":\"WebPage\",\"@id\":\"https:\/\/farmaciacarreras.es\/ca\/la-farmacia\/\",\"url\":\"https:\/\/farmaciacarreras.es\/ca\/la-farmacia\/\",\"name\":\"La farmacia - Farmacia Dr.Carreras\",\"isPartOf\":{\"@id\":\"https:\/\/farmaciacarreras.es\/es\/#website\"},\"datePublished\":\"2021-06-18T16:39:12+00:00\",\"dateModified\":\"2021-07-23T06:55:49+00:00\",\"breadcrumb\":{\"@id\":\"https:\/\/farmaciacarreras.es\/ca\/la-farmacia\/#breadcrumb\"},\"inLanguage\":\"ca\",\"potentialAction\":[{\"@type\":\"ReadAction\",\"target\":[\"https:\/\/farmaciacarreras.es\/ca\/la-farmacia\/\"]}]},{\"@type\":\"BreadcrumbList\",\"@id\":\"https:\/\/farmaciacarreras.es\/ca\/la-farmacia\/#breadcrumb\",\"itemListElement\":[{\"@type\":\"ListItem\",\"position\":1,\"name\":\"Portada\",\"item\":\"https:\/\/farmaciacarreras.es\/ca\/\"},{\"@type\":\"ListItem\",\"position\":2,\"name\":\"La farmacia\"}]},{\"@type\":\"WebSite\",\"@id\":\"https:\/\/farmaciacarreras.es\/es\/#website\",\"url\":\"https:\/\/farmaciacarreras.es\/es\/\",\"name\":\"Farmacia Dr.Carreras\",\"description\":\"FARMACIA DR. CARRERAS. Elaboraci\u00f3n y control de medicamentos. Tel 93 318 70 99 Fax 93 412 32 32. Carrer Hospital, 14 - 08001 Barcelona.\",\"publisher\":{\"@id\":\"https:\/\/farmaciacarreras.es\/es\/#organization\"},\"potentialAction\":[{\"@type\":\"SearchAction\",\"target\":{\"@type\":\"EntryPoint\",\"urlTemplate\":\"https:\/\/farmaciacarreras.es\/es\/?s={search_term_string}\"},\"query-input\":\"required name=search_term_string\"}],\"inLanguage\":\"ca\"},{\"@type\":\"Organization\",\"@id\":\"https:\/\/farmaciacarreras.es\/es\/#organization\",\"name\":\"Farmacia Dr. Carreras\",\"url\":\"https:\/\/farmaciacarreras.es\/es\/\",\"logo\":{\"@type\":\"ImageObject\",\"inLanguage\":\"ca\",\"@id\":\"https:\/\/farmaciacarreras.es\/es\/#\/schema\/logo\/image\/\",\"url\":\"https:\/\/farmaciacarreras.es\/wp-content\/uploads\/2015\/12\/LOGO-Texto-Home.jpg\",\"contentUrl\":\"https:\/\/farmaciacarreras.es\/wp-content\/uploads\/2015\/12\/LOGO-Texto-Home.jpg\",\"width\":120,\"height\":138,\"caption\":\"Farmacia Dr. Carreras\"},\"image\":{\"@id\":\"https:\/\/farmaciacarreras.es\/es\/#\/schema\/logo\/image\/\"}}]}<\/script>\n<!-- \/ Yoast SEO plugin. -->","yoast_head_json":{"title":"La farmacia - Farmacia Dr.Carreras","robots":{"index":"index","follow":"follow","max-snippet":"max-snippet:-1","max-image-preview":"max-image-preview:large","max-video-preview":"max-video-preview:-1"},"canonical":"https:\/\/farmaciacarreras.es\/ca\/la-farmacia\/","og_locale":"ca_ES","og_type":"article","og_title":"La farmacia - Farmacia Dr.Carreras","og_url":"https:\/\/farmaciacarreras.es\/ca\/la-farmacia\/","og_site_name":"Farmacia Dr.Carreras","article_modified_time":"2021-07-23T06:55:49+00:00","twitter_card":"summary_large_image","twitter_misc":{"Temps estimat de lectura":"11 minuts"},"schema":{"@context":"https:\/\/schema.org","@graph":[{"@type":"WebPage","@id":"https:\/\/farmaciacarreras.es\/ca\/la-farmacia\/","url":"https:\/\/farmaciacarreras.es\/ca\/la-farmacia\/","name":"La farmacia - Farmacia Dr.Carreras","isPartOf":{"@id":"https:\/\/farmaciacarreras.es\/es\/#website"},"datePublished":"2021-06-18T16:39:12+00:00","dateModified":"2021-07-23T06:55:49+00:00","breadcrumb":{"@id":"https:\/\/farmaciacarreras.es\/ca\/la-farmacia\/#breadcrumb"},"inLanguage":"ca","potentialAction":[{"@type":"ReadAction","target":["https:\/\/farmaciacarreras.es\/ca\/la-farmacia\/"]}]},{"@type":"BreadcrumbList","@id":"https:\/\/farmaciacarreras.es\/ca\/la-farmacia\/#breadcrumb","itemListElement":[{"@type":"ListItem","position":1,"name":"Portada","item":"https:\/\/farmaciacarreras.es\/ca\/"},{"@type":"ListItem","position":2,"name":"La farmacia"}]},{"@type":"WebSite","@id":"https:\/\/farmaciacarreras.es\/es\/#website","url":"https:\/\/farmaciacarreras.es\/es\/","name":"Farmacia Dr.Carreras","description":"FARMACIA DR. CARRERAS. Elaboraci\u00f3n y control de medicamentos. Tel 93 318 70 99 Fax 93 412 32 32. Carrer Hospital, 14 - 08001 Barcelona.","publisher":{"@id":"https:\/\/farmaciacarreras.es\/es\/#organization"},"potentialAction":[{"@type":"SearchAction","target":{"@type":"EntryPoint","urlTemplate":"https:\/\/farmaciacarreras.es\/es\/?s={search_term_string}"},"query-input":"required name=search_term_string"}],"inLanguage":"ca"},{"@type":"Organization","@id":"https:\/\/farmaciacarreras.es\/es\/#organization","name":"Farmacia Dr. Carreras","url":"https:\/\/farmaciacarreras.es\/es\/","logo":{"@type":"ImageObject","inLanguage":"ca","@id":"https:\/\/farmaciacarreras.es\/es\/#\/schema\/logo\/image\/","url":"https:\/\/farmaciacarreras.es\/wp-content\/uploads\/2015\/12\/LOGO-Texto-Home.jpg","contentUrl":"https:\/\/farmaciacarreras.es\/wp-content\/uploads\/2015\/12\/LOGO-Texto-Home.jpg","width":120,"height":138,"caption":"Farmacia Dr. Carreras"},"image":{"@id":"https:\/\/farmaciacarreras.es\/es\/#\/schema\/logo\/image\/"}}]}},"_links":{"self":[{"href":"https:\/\/farmaciacarreras.es\/ca\/wp-json\/wp\/v2\/pages\/1288"}],"collection":[{"href":"https:\/\/farmaciacarreras.es\/ca\/wp-json\/wp\/v2\/pages"}],"about":[{"href":"https:\/\/farmaciacarreras.es\/ca\/wp-json\/wp\/v2\/types\/page"}],"author":[{"embeddable":true,"href":"https:\/\/farmaciacarreras.es\/ca\/wp-json\/wp\/v2\/users\/1"}],"replies":[{"embeddable":true,"href":"https:\/\/farmaciacarreras.es\/ca\/wp-json\/wp\/v2\/comments?post=1288"}],"version-history":[{"count":7,"href":"https:\/\/farmaciacarreras.es\/ca\/wp-json\/wp\/v2\/pages\/1288\/revisions"}],"predecessor-version":[{"id":1508,"href":"https:\/\/farmaciacarreras.es\/ca\/wp-json\/wp\/v2\/pages\/1288\/revisions\/1508"}],"wp:attachment":[{"href":"https:\/\/farmaciacarreras.es\/ca\/wp-json\/wp\/v2\/media?parent=1288"}],"curies":[{"name":"wp","href":"https:\/\/api.w.org\/{rel}","templated":true}]}}