{"id":1316,"date":"2021-06-18T16:42:44","date_gmt":"2021-06-18T16:42:44","guid":{"rendered":"https:\/\/farmaciacarreras.es\/?page_id=1316"},"modified":"2025-08-25T08:23:38","modified_gmt":"2025-08-25T08:23:38","slug":"particulars","status":"publish","type":"page","link":"https:\/\/farmaciacarreras.es\/ca\/particulars\/","title":{"rendered":"Particulars"},"content":{"rendered":"<p><div class=\"fusion-fullwidth fullwidth-box fusion-builder-row-1 nonhundred-percent-fullwidth non-hundred-percent-height-scrolling\" style=\"background-color: rgba(255,255,255,0);background-position: center center;background-repeat: no-repeat;padding-top:0px;padding-right:0px;padding-bottom:0px;padding-left:0px;margin-bottom: 0px;margin-top: 0px;border-width: 0px 0px 0px 0px;border-color:#eae9e9;border-style:solid;\" ><div class=\"fusion-builder-row fusion-row\"><div class=\"fusion-layout-column fusion_builder_column fusion-builder-column-0 fusion_builder_column_1_1 1_1 fusion-one-full fusion-column-first fusion-column-last\" style=\"margin-top:0px;margin-bottom:30px;\"><div class=\"fusion-column-wrapper fusion-flex-column-wrapper-legacy\" style=\"background-position:left top;background-repeat:no-repeat;-webkit-background-size:cover;-moz-background-size:cover;-o-background-size:cover;background-size:cover;padding: 0px 0px 0px 0px;\"><div class=\"fusion-text fusion-text-1\"><p style=\"text-align: left;\">A continuaci\u00f3 li mostrem el formulari per a enc\u00e0rrec d&#8217;elaboraci\u00f3 i control de f\u00f3rmules magistrals o preparats oficinals.<\/p>\n<ol>\n<li style=\"text-align: left;\">Empleni el formulari.<\/li>\n<li style=\"text-align: left;\">Adjuntar una imatge escanejada de la recepta.<\/li>\n<li style=\"text-align: left;\">Finalitzi fent clic a Enviar.<\/li>\n<\/ol>\n<\/div><div class=\"fusion-sep-clear\"><\/div><div class=\"fusion-separator fusion-full-width-sep\" style=\"margin-left: auto;margin-right: auto;margin-top:20px;margin-bottom:20px;width:100%;\"><div class=\"fusion-separator-border sep-single sep-solid\" style=\"border-color:#e0dede;border-top-width:1px;\"><\/div><\/div><div class=\"fusion-sep-clear\"><\/div><div class=\"fusion-clearfix\"><\/div><\/div><\/div><\/div><\/div><div class=\"fusion-fullwidth fullwidth-box fusion-builder-row-2 nonhundred-percent-fullwidth non-hundred-percent-height-scrolling\" style=\"background-color: rgba(255,255,255,0);background-position: center center;background-repeat: no-repeat;padding-top:0px;padding-right:0px;padding-bottom:0px;padding-left:0px;margin-bottom: 0px;margin-top: 0px;border-width: 0px 0px 0px 0px;border-color:#eae9e9;border-style:solid;\" ><div class=\"fusion-builder-row fusion-row\"><div class=\"fusion-layout-column fusion_builder_column fusion-builder-column-1 fusion_builder_column_1_1 1_1 fusion-one-full fusion-column-first fusion-column-last\" style=\"margin-top:0px;margin-bottom:30px;\"><div class=\"fusion-column-wrapper fusion-flex-column-wrapper-legacy\" style=\"background-position:left top;background-repeat:no-repeat;-webkit-background-size:cover;-moz-background-size:cover;-o-background-size:cover;background-size:cover;padding: 0px 0px 0px 0px;\"><div class=\"fusion-text fusion-text-2\">\n<div class=\"wpcf7 no-js\" id=\"wpcf7-f1412-o1\" lang=\"ca\" dir=\"ltr\">\n<div class=\"screen-reader-response\"><p role=\"status\" aria-live=\"polite\" aria-atomic=\"true\"><\/p> <ul><\/ul><\/div>\n<form action=\"\/ca\/wp-json\/wp\/v2\/pages\/1316#wpcf7-f1412-o1\" method=\"post\" class=\"wpcf7-form init\" aria-label=\"Formulari de contacte\" enctype=\"multipart\/form-data\" novalidate=\"novalidate\" data-status=\"init\">\n<div style=\"display: none;\">\n<input type=\"hidden\" name=\"_wpcf7\" value=\"1412\" \/>\n<input type=\"hidden\" name=\"_wpcf7_version\" value=\"5.8\" \/>\n<input type=\"hidden\" name=\"_wpcf7_locale\" value=\"ca\" \/>\n<input type=\"hidden\" name=\"_wpcf7_unit_tag\" value=\"wpcf7-f1412-o1\" \/>\n<input type=\"hidden\" name=\"_wpcf7_container_post\" value=\"0\" \/>\n<input type=\"hidden\" name=\"_wpcf7_posted_data_hash\" value=\"\" \/>\n<input type=\"hidden\" name=\"_wpcf7_recaptcha_response\" value=\"\" \/>\n<\/div>\n<div class=\"form form-overlay\">\n\t<div class=\"form-group col-sm-6 col-xs-12\">\n\t\t<p><span class=\"wpcf7-form-control-wrap\" data-name=\"nombre\"><input size=\"40\" class=\"wpcf7-form-control wpcf7-text wpcf7-validates-as-required form-control fullname\" aria-required=\"true\" aria-invalid=\"false\" placeholder=\"* Nom\" value=\"\" type=\"text\" name=\"nombre\" \/><\/span>\n\t\t<\/p>\n\t\t<p style=\"display:inline-table; width:45%;\"><span class=\"wpcf7-form-control-wrap\" data-name=\"tipo_doc\"><select class=\"wpcf7-form-control wpcf7-select wpcf7-validates-as-required\" aria-required=\"true\" aria-invalid=\"false\" name=\"tipo_doc\"><option value=\"DNI\">DNI<\/option><option value=\"TSI\">TSI<\/option><option value=\"PASSAPORT\">PASSAPORT<\/option><option value=\"DOCUMENT ESTRANGERIA\">DOCUMENT ESTRANGERIA<\/option><\/select><\/span>\n\t\t<\/p>\n\t\t<p class=\"p_form_pt3\" style=\"display:inline-table; width:45%;\"><span class=\"wpcf7-form-control-wrap\" data-name=\"num_doc\"><input size=\"40\" class=\"wpcf7-form-control wpcf7-text wpcf7-validates-as-required form-control fullname\" aria-required=\"true\" aria-invalid=\"false\" placeholder=\"* Num.Document\" value=\"\" type=\"text\" name=\"num_doc\" \/><\/span>\n\t\t<\/p>\n\t\t<p><span class=\"wpcf7-form-control-wrap\" data-name=\"fecha_nac\"><input size=\"40\" class=\"wpcf7-form-control wpcf7-text wpcf7-validates-as-required form-control fullname\" aria-required=\"true\" aria-invalid=\"false\" placeholder=\"* Data naixement\" value=\"\" type=\"text\" name=\"fecha_nac\" \/><\/span>\n\t\t<\/p>\n\t\t<p><span class=\"wpcf7-form-control-wrap\" data-name=\"direccion\"><input size=\"40\" class=\"wpcf7-form-control wpcf7-text wpcf7-validates-as-required form-control fullname\" aria-required=\"true\" aria-invalid=\"false\" placeholder=\"* Direcci\u00f3\" value=\"\" type=\"text\" name=\"direccion\" \/><\/span>\n\t\t<\/p>\n\t\t<p><span class=\"wpcf7-form-control-wrap\" data-name=\"cp_poblacion\"><input size=\"40\" class=\"wpcf7-form-control wpcf7-text wpcf7-validates-as-required form-control fullname\" aria-required=\"true\" aria-invalid=\"false\" placeholder=\"* Codi postal y poblacio\u0301\" value=\"\" type=\"text\" name=\"cp_poblacion\" \/><\/span>\n\t\t<\/p>\n\t<\/div>\n\t<div class=\"form-group  col-sm-6 col-xs-12\">\n\t\t<p><span class=\"wpcf7-form-control-wrap\" data-name=\"telefono\"><input size=\"40\" class=\"wpcf7-form-control wpcf7-text wpcf7-validates-as-required form-control fullname\" aria-required=\"true\" aria-invalid=\"false\" placeholder=\"* Tel\u00e8fon\" value=\"\" type=\"text\" name=\"telefono\" \/><\/span>\n\t\t<\/p>\n\t\t<p><span class=\"wpcf7-form-control-wrap\" data-name=\"email\"><input size=\"40\" class=\"wpcf7-form-control wpcf7-text wpcf7-validates-as-required form-control fullname\" aria-required=\"true\" aria-invalid=\"false\" placeholder=\"* Email\" value=\"\" type=\"text\" name=\"email\" \/><\/span>\n\t\t<\/p>\n\t\t<p style=\"border:1px solid #e0dede; margin-top:10px; padding:30px; background-color:#fbfbfb; margin-bottom:10px;\">* Forma d'enviament: <span class=\"wpcf7-form-control-wrap\" data-name=\"forma_envio\"><span class=\"wpcf7-form-control wpcf7-radio\"><span class=\"wpcf7-list-item first\"><input type=\"radio\" name=\"forma_envio\" value=\"Missatgeria al seu c\u00e0rrec. Ha d&#039;enviar-nos pr\u00e8viament la recepta original per correu ordinari\" checked=\"checked\" \/><span class=\"wpcf7-list-item-label\">Missatgeria al seu c\u00e0rrec. Ha d&#039;enviar-nos pr\u00e8viament la recepta original per correu ordinari<\/span><\/span><span class=\"wpcf7-list-item last\"><input type=\"radio\" name=\"forma_envio\" value=\"Recollir personalment. En recollir la f\u00f3rmula ha de portar la recepta original\" \/><span class=\"wpcf7-list-item-label\">Recollir personalment. En recollir la f\u00f3rmula ha de portar la recepta original<\/span><\/span><\/span><\/span>\n\t\t<\/p>\n\t\t<p style=\"border:1px solid #e0dede; margin-top:10px; padding:30px; background-color:#fbfbfb; margin-bottom:10px;\">* Adjuntar una imatge escanejada de la recepta: <span class=\"wpcf7-form-control-wrap\" data-name=\"file-57\"><input size=\"40\" class=\"wpcf7-form-control wpcf7-file wpcf7-validates-as-required\" accept=\"audio\/*,video\/*,image\/*\" aria-required=\"true\" aria-invalid=\"false\" type=\"file\" name=\"file-57\" \/><\/span>\n\t\t<\/p>\n\t<\/div>\n\t<div class=\"form-group  col-sm-12 col-xs-12\">\n\t\t<p>* Camps Obligatoris\n\t\t<\/p>\n\t<\/div>\n\t<div class=\"form-group  col-sm-12 col-xs-12\" style=\"border:1px solid #e0dede; margin-top:10px; padding:30px; background-color:#fbfbfb; margin-bottom:10px;\">\n\t\t<p><span class=\"wpcf7-form-control-wrap\" data-name=\"acceptance-475\"><span class=\"wpcf7-form-control wpcf7-acceptance\"><span class=\"wpcf7-list-item\"><input type=\"checkbox\" name=\"acceptance-475\" value=\"1\" aria-invalid=\"false\" \/><\/span><\/span><\/span> He llegit i accepto la <a href=\"https:\/\/farmaciacarreras.es\/ca\/politica-de-privacitat\/\" target=\"_blank\" style=\"text-decoration:underline;\">Pol\u00edtica de Privacitat<\/a>\n\t\t<\/p>\n\t\t<p style=\"font-size:11px;line-height: 12px;text-align: justify;\">Conforme al que es disposa en el Reglament General de Protecci\u00f3 de Dades (Reglament UE 2016\/679), vost\u00e8 autoritza el Dr. Miquel Carreras Coma, farmac\u00e8utic\/a titular de l'oficina de farm\u00e0cia n\u00famero 0645 situada en C\/ Hospital 14, 08001 Barcelona, a tractar les seves dades personals que ha facilitat pr\u00e8viament amb la finalitat de prestar els serveis d'atenci\u00f3 farmac\u00e8utica. Les seves dades seran cancel\u00b7lades quan finalitzi la prestaci\u00f3 del servei, i en aquest cas es conservaran durant tres anys per a la seva destrucci\u00f3 o fins al moment en qu\u00e8 se sol\u00b7liciti la supressi\u00f3.\n\t\t<\/p>\n\t\t<p>El titular de l'oficina de farm\u00e0cia est\u00e0 legitimat per a tractar les dades, pel consentiment de l'interessat i conforme estableix l'article 2 de la Llei 31\/1991 de 13 de desembre de Ordenaci\u00f3 Farmac\u00e8utica de Catalunya, quant a les seves compet\u00e8ncies professionals per a prestar el servei que se li ofereix.\n\t\t<\/p>\n\t\t<p>Se l'informa que les seves dades no seran cedits a tercers, excepte quan el titular de l'oficina de farm\u00e0cia es vegi obligat per imperatiu legal, o en el sup\u00f2sit previst per la legislaci\u00f3 vigent a cada moment. Tampoc existeix la previsi\u00f3 de fer transfer\u00e8ncies internacionals amb les seves dades.\n\t\t<\/p>\n\t\t<p>Se l'informa que pot exercir els seus drets d'acc\u00e9s, rectificaci\u00f3, supressi\u00f3, portabilitat i la limitaci\u00f3 o oposici\u00f3 al seu tractament, per a aix\u00f2 haur\u00e0 de dirigir un escrit davant Dr. Miquel Carreras Coma, titular de l'oficina de farm\u00e0cia a l'adre\u00e7a a dalt indicada o per correu electr\u00f2nic a l'adre\u00e7a: farmaciacarreras@farmaciacarreras.es\n\t\t<\/p>\n\t\t<p>Se l'informa que pot presentar una reclamaci\u00f3 davant l'Ag\u00e8ncia Espanyola de Protecci\u00f3 de Dades.\n\t\t<\/p>\n\t<\/div>\n\t<p><input class=\"wpcf7-form-control wpcf7-submit has-spinner\" type=\"submit\" value=\"Enviar\" \/>\n\t<\/p>\n<\/div><div class=\"fusion-alert alert custom alert-custom fusion-alert-center wpcf7-response-output alert-dismissable\" style=\"border-width:1px;\"><button type=\"button\" class=\"close toggle-alert\" data-dismiss=\"alert\" aria-hidden=\"true\">&times;<\/button><div class=\"fusion-alert-content-wrapper\"><span class=\"fusion-alert-content\"><\/span><\/div><\/div>\n<\/form>\n<\/div>\n\n<\/div><div class=\"fusion-clearfix\"><\/div><\/div><\/div><\/div><\/div><\/p>\n","protected":false},"excerpt":{"rendered":"","protected":false},"author":1,"featured_media":0,"parent":0,"menu_order":0,"comment_status":"closed","ping_status":"closed","template":"","meta":{"footnotes":""},"yoast_head":"<!-- This site is optimized with the Yoast SEO plugin v21.0 - https:\/\/yoast.com\/wordpress\/plugins\/seo\/ -->\n<title>Particulars - Farmacia Dr.Carreras<\/title>\n<meta name=\"robots\" content=\"index, follow, max-snippet:-1, max-image-preview:large, max-video-preview:-1\" \/>\n<link rel=\"canonical\" href=\"https:\/\/farmaciacarreras.es\/ca\/particulars\/\" \/>\n<meta property=\"og:locale\" content=\"ca_ES\" \/>\n<meta property=\"og:type\" content=\"article\" \/>\n<meta property=\"og:title\" content=\"Particulars - Farmacia Dr.Carreras\" \/>\n<meta property=\"og:url\" content=\"https:\/\/farmaciacarreras.es\/ca\/particulars\/\" \/>\n<meta property=\"og:site_name\" content=\"Farmacia Dr.Carreras\" \/>\n<meta property=\"article:modified_time\" content=\"2025-08-25T08:23:38+00:00\" \/>\n<meta name=\"twitter:card\" content=\"summary_large_image\" \/>\n<meta name=\"twitter:label1\" content=\"Temps estimat de lectura\" \/>\n\t<meta name=\"twitter:data1\" content=\"8 minuts\" \/>\n<script type=\"application\/ld+json\" class=\"yoast-schema-graph\">{\"@context\":\"https:\/\/schema.org\",\"@graph\":[{\"@type\":\"WebPage\",\"@id\":\"https:\/\/farmaciacarreras.es\/ca\/particulars\/\",\"url\":\"https:\/\/farmaciacarreras.es\/ca\/particulars\/\",\"name\":\"Particulars - Farmacia Dr.Carreras\",\"isPartOf\":{\"@id\":\"https:\/\/farmaciacarreras.es\/es\/#website\"},\"datePublished\":\"2021-06-18T16:42:44+00:00\",\"dateModified\":\"2025-08-25T08:23:38+00:00\",\"breadcrumb\":{\"@id\":\"https:\/\/farmaciacarreras.es\/ca\/particulars\/#breadcrumb\"},\"inLanguage\":\"ca\",\"potentialAction\":[{\"@type\":\"ReadAction\",\"target\":[\"https:\/\/farmaciacarreras.es\/ca\/particulars\/\"]}]},{\"@type\":\"BreadcrumbList\",\"@id\":\"https:\/\/farmaciacarreras.es\/ca\/particulars\/#breadcrumb\",\"itemListElement\":[{\"@type\":\"ListItem\",\"position\":1,\"name\":\"Portada\",\"item\":\"https:\/\/farmaciacarreras.es\/ca\/\"},{\"@type\":\"ListItem\",\"position\":2,\"name\":\"Particulars\"}]},{\"@type\":\"WebSite\",\"@id\":\"https:\/\/farmaciacarreras.es\/es\/#website\",\"url\":\"https:\/\/farmaciacarreras.es\/es\/\",\"name\":\"Farmacia Dr.Carreras\",\"description\":\"FARMACIA DR. CARRERAS. Elaboraci\u00f3n y control de medicamentos. Tel 93 318 70 99 Fax 93 412 32 32. Carrer Hospital, 14 - 08001 Barcelona.\",\"publisher\":{\"@id\":\"https:\/\/farmaciacarreras.es\/es\/#organization\"},\"potentialAction\":[{\"@type\":\"SearchAction\",\"target\":{\"@type\":\"EntryPoint\",\"urlTemplate\":\"https:\/\/farmaciacarreras.es\/es\/?s={search_term_string}\"},\"query-input\":\"required name=search_term_string\"}],\"inLanguage\":\"ca\"},{\"@type\":\"Organization\",\"@id\":\"https:\/\/farmaciacarreras.es\/es\/#organization\",\"name\":\"Farmacia Dr. Carreras\",\"url\":\"https:\/\/farmaciacarreras.es\/es\/\",\"logo\":{\"@type\":\"ImageObject\",\"inLanguage\":\"ca\",\"@id\":\"https:\/\/farmaciacarreras.es\/es\/#\/schema\/logo\/image\/\",\"url\":\"https:\/\/farmaciacarreras.es\/wp-content\/uploads\/2015\/12\/LOGO-Texto-Home.jpg\",\"contentUrl\":\"https:\/\/farmaciacarreras.es\/wp-content\/uploads\/2015\/12\/LOGO-Texto-Home.jpg\",\"width\":120,\"height\":138,\"caption\":\"Farmacia Dr. Carreras\"},\"image\":{\"@id\":\"https:\/\/farmaciacarreras.es\/es\/#\/schema\/logo\/image\/\"}}]}<\/script>\n<!-- \/ Yoast SEO plugin. -->","yoast_head_json":{"title":"Particulars - Farmacia Dr.Carreras","robots":{"index":"index","follow":"follow","max-snippet":"max-snippet:-1","max-image-preview":"max-image-preview:large","max-video-preview":"max-video-preview:-1"},"canonical":"https:\/\/farmaciacarreras.es\/ca\/particulars\/","og_locale":"ca_ES","og_type":"article","og_title":"Particulars - Farmacia Dr.Carreras","og_url":"https:\/\/farmaciacarreras.es\/ca\/particulars\/","og_site_name":"Farmacia Dr.Carreras","article_modified_time":"2025-08-25T08:23:38+00:00","twitter_card":"summary_large_image","twitter_misc":{"Temps estimat de lectura":"8 minuts"},"schema":{"@context":"https:\/\/schema.org","@graph":[{"@type":"WebPage","@id":"https:\/\/farmaciacarreras.es\/ca\/particulars\/","url":"https:\/\/farmaciacarreras.es\/ca\/particulars\/","name":"Particulars - Farmacia Dr.Carreras","isPartOf":{"@id":"https:\/\/farmaciacarreras.es\/es\/#website"},"datePublished":"2021-06-18T16:42:44+00:00","dateModified":"2025-08-25T08:23:38+00:00","breadcrumb":{"@id":"https:\/\/farmaciacarreras.es\/ca\/particulars\/#breadcrumb"},"inLanguage":"ca","potentialAction":[{"@type":"ReadAction","target":["https:\/\/farmaciacarreras.es\/ca\/particulars\/"]}]},{"@type":"BreadcrumbList","@id":"https:\/\/farmaciacarreras.es\/ca\/particulars\/#breadcrumb","itemListElement":[{"@type":"ListItem","position":1,"name":"Portada","item":"https:\/\/farmaciacarreras.es\/ca\/"},{"@type":"ListItem","position":2,"name":"Particulars"}]},{"@type":"WebSite","@id":"https:\/\/farmaciacarreras.es\/es\/#website","url":"https:\/\/farmaciacarreras.es\/es\/","name":"Farmacia Dr.Carreras","description":"FARMACIA DR. CARRERAS. Elaboraci\u00f3n y control de medicamentos. Tel 93 318 70 99 Fax 93 412 32 32. Carrer Hospital, 14 - 08001 Barcelona.","publisher":{"@id":"https:\/\/farmaciacarreras.es\/es\/#organization"},"potentialAction":[{"@type":"SearchAction","target":{"@type":"EntryPoint","urlTemplate":"https:\/\/farmaciacarreras.es\/es\/?s={search_term_string}"},"query-input":"required name=search_term_string"}],"inLanguage":"ca"},{"@type":"Organization","@id":"https:\/\/farmaciacarreras.es\/es\/#organization","name":"Farmacia Dr. Carreras","url":"https:\/\/farmaciacarreras.es\/es\/","logo":{"@type":"ImageObject","inLanguage":"ca","@id":"https:\/\/farmaciacarreras.es\/es\/#\/schema\/logo\/image\/","url":"https:\/\/farmaciacarreras.es\/wp-content\/uploads\/2015\/12\/LOGO-Texto-Home.jpg","contentUrl":"https:\/\/farmaciacarreras.es\/wp-content\/uploads\/2015\/12\/LOGO-Texto-Home.jpg","width":120,"height":138,"caption":"Farmacia Dr. Carreras"},"image":{"@id":"https:\/\/farmaciacarreras.es\/es\/#\/schema\/logo\/image\/"}}]}},"_links":{"self":[{"href":"https:\/\/farmaciacarreras.es\/ca\/wp-json\/wp\/v2\/pages\/1316"}],"collection":[{"href":"https:\/\/farmaciacarreras.es\/ca\/wp-json\/wp\/v2\/pages"}],"about":[{"href":"https:\/\/farmaciacarreras.es\/ca\/wp-json\/wp\/v2\/types\/page"}],"author":[{"embeddable":true,"href":"https:\/\/farmaciacarreras.es\/ca\/wp-json\/wp\/v2\/users\/1"}],"replies":[{"embeddable":true,"href":"https:\/\/farmaciacarreras.es\/ca\/wp-json\/wp\/v2\/comments?post=1316"}],"version-history":[{"count":7,"href":"https:\/\/farmaciacarreras.es\/ca\/wp-json\/wp\/v2\/pages\/1316\/revisions"}],"predecessor-version":[{"id":1834,"href":"https:\/\/farmaciacarreras.es\/ca\/wp-json\/wp\/v2\/pages\/1316\/revisions\/1834"}],"wp:attachment":[{"href":"https:\/\/farmaciacarreras.es\/ca\/wp-json\/wp\/v2\/media?parent=1316"}],"curies":[{"name":"wp","href":"https:\/\/api.w.org\/{rel}","templated":true}]}}