{"id":1408,"date":"2021-06-23T06:11:04","date_gmt":"2021-06-23T06:11:04","guid":{"rendered":"https:\/\/farmaciacarreras.es\/?page_id=1408"},"modified":"2021-07-05T16:39:45","modified_gmt":"2021-07-05T16:39:45","slug":"politica-de-cookies","status":"publish","type":"page","link":"https:\/\/farmaciacarreras.es\/ca\/politica-de-cookies\/","title":{"rendered":"Pol\u00edtica de Cookies"},"content":{"rendered":"<div class=\"fusion-fullwidth fullwidth-box fusion-builder-row-1 fusion-flex-container nonhundred-percent-fullwidth non-hundred-percent-height-scrolling\" style=\"background-color: rgba(255,255,255,0);background-position: center center;background-repeat: no-repeat;border-width: 0px 0px 0px 0px;border-color:#eae9e9;border-style:solid;\" ><div class=\"fusion-builder-row fusion-row fusion-flex-align-items-flex-start\" style=\"max-width:1216.8px;margin-left: calc(-4% \/ 2 );margin-right: calc(-4% \/ 2 );\"><div class=\"fusion-layout-column fusion_builder_column fusion-builder-column-0 fusion_builder_column_1_1 1_1 fusion-flex-column\"><div class=\"fusion-column-wrapper fusion-flex-justify-content-flex-start fusion-content-layout-column\" style=\"background-position:left top;background-repeat:no-repeat;-webkit-background-size:cover;-moz-background-size:cover;-o-background-size:cover;background-size:cover;padding: 0px 0px 0px 0px;\"><div class=\"fusion-text fusion-text-1\"><p><strong>1.Definici\u00f3 i \u00fas de les cookies<\/strong><\/p>\n<p>Les cookies s\u00f3n arxius de text que s&#8217;instal\u00b7len en l&#8217;equip des del qual s&#8217;accedeix a aquesta p\u00e0gina i que envien, de manera autom\u00e0tica, informaci\u00f3 al nostre servidor.\u00a0Les cookies no s\u00f3n virus inform\u00e0tics. No danyen el seu ordinador ni alenteixen el seu funcionament. Pot eliminar-les en qualsevol moment, o rebutjar-les configurant el programa de navegaci\u00f3 que utilitza.<\/p>\n<p>Tipologia de cookies<\/p>\n<p>Segons l&#8217;entitat que les gestioni:<\/p>\n<p>Cookies\u00a0pr\u00f2pies: s\u00f3n aquelles que s&#8217;envien a l&#8217;equip terminal de l&#8217;usuari des d&#8217;un equip o domini gestionat per nosaltres i des del qual es presta el servei sol\u00b7licitat per l&#8217;usuari.<\/p>\n<p>Cookies\u00a0de tercer: s\u00f3n aquelles que s&#8217;envien a l&#8217;equip terminal de l&#8217;usuari des d&#8217;un equip o domini que no \u00e9s gestionat per nosaltres, sin\u00f3 per una altra entitat que tracta les dades obtingudes trav\u00e9s de les cookies.<\/p>\n<p>Segons el termini de temps que romanguin activades:<\/p>\n<p>Cookies\u00a0de sessi\u00f3: s\u00f3n un tipus de cookies dissenyades per a recaptar i emmagatzemar dades mentre l&#8217;usuari accedeix a una p\u00e0gina web.<\/p>\n<p>Cookies\u00a0persistents: s\u00f3n un tipus de cookies en les quals les dades segueixen emmagatzemats en el terminal i poden ser accedits i tractats durant un per\u00edode definit pel responsable de la *cookie, que pot anar d&#8217;uns minuts a diversos anys.<\/p>\n<p>Segons la seva finalitat:<\/p>\n<p>Cookies\u00a0t\u00e8cniques i de personalitzaci\u00f3: les primeres permeten a l&#8217;usuari la navegaci\u00f3 a trav\u00e9s de la p\u00e0gina web i la utilitzaci\u00f3 dels diferents serveis que existeixen, i les segones permeten accedir a l&#8217;usuari al servei amb algunes caracter\u00edstiques de car\u00e0cter general predefinides. Per exemple, per a la selecci\u00f3 de l&#8217;idioma.<\/p>\n<p>Cookies de\u00a0an\u00e0lisis: s\u00f3n aquelles que ja sigui perqu\u00e8 s\u00f3n tractades per nosaltres o per tercers, ens permeten quantificar el nombre d&#8217;usuaris i aix\u00ed realitzar el mesurament i an\u00e0lisi estad\u00edstica de la utilitzaci\u00f3 que fan els usuaris del servei ofert.<\/p>\n<p>Cookies\u00a0publicit\u00e0ries: s\u00f3n aquelles que permeten la gesti\u00f3 de la forma m\u00e9s efica\u00e7 possible, dels espais publicitaris que, en el seu cas, l&#8217;editor hagi incl\u00f2s en una p\u00e0gina web, aplicaci\u00f3 o plataforma des de la qual presta el servei sol\u00b7licitat sobre la base de criteris com el contingut editat o la freq\u00fc\u00e8ncia en la qual es mostren els anuncis.<\/p>\n<p>Cookies de\u00a0publicitat comportamental: S\u00f3n aquelles que permeten la gesti\u00f3 de la forma m\u00e9s efica\u00e7 possible, dels espais publicitaris que, en el seu cas, l&#8217;editor hagi incl\u00f2s en una p\u00e0gina web, aplicaci\u00f3 o plataforma des de la qual presta el servei sol\u00b7licitat. Aquestes cookies emmagatzemen informaci\u00f3 del comportament dels usuaris obtinguda a trav\u00e9s de l&#8217;observaci\u00f3 continuada dels seus h\u00e0bits de navegaci\u00f3, la qual cosa permet desenvolupar un perfil espec\u00edfic per a mostrar publicitat en funci\u00f3 d&#8217;aquest.<\/p>\n<p><strong>Sobre les cookies que utilitzem i la manera de desactivar-les<\/strong><\/p>\n<table class=\"cookielawinfo-row-cat-table cookielawinfo-winter\"><thead><tr><th class=\"cookielawinfo-column-1\">Galeta<\/th><th class=\"cookielawinfo-column-2\">Tipus<\/th><th class=\"cookielawinfo-column-3\">Durada<\/th><th class=\"cookielawinfo-column-4\">Descripci\u00f3<\/th><\/tr><\/thead><tbody><tr class=\"cookielawinfo-row\"><td class=\"cookielawinfo-column-1\">_ga<\/td><td class=\"cookielawinfo-column-2\"><\/td><td class=\"cookielawinfo-column-3\">2 years<\/td><td class=\"cookielawinfo-column-4\">This cookie is installed by Google Analytics. The cookie is used to calculate visitor, session, campaign data and keep track of site usage for the site's analytics report. The cookies store information anonymously and assign a randomly generated number to identify unique visitors.<\/td><\/tr><tr class=\"cookielawinfo-row\"><td class=\"cookielawinfo-column-1\">_ga_0LGGXR48HT<\/td><td class=\"cookielawinfo-column-2\"><\/td><td class=\"cookielawinfo-column-3\">2 years<\/td><td class=\"cookielawinfo-column-4\">This cookie is installed by Google Analytics.<\/td><\/tr><tr class=\"cookielawinfo-row\"><td class=\"cookielawinfo-column-1\">cookielawinfo-checkbox-advertisement<\/td><td class=\"cookielawinfo-column-2\"><\/td><td class=\"cookielawinfo-column-3\">1 year<\/td><td class=\"cookielawinfo-column-4\">The cookie is set by GDPR cookie consent to record the user consent for the cookies in the category \"Advertisement\".<\/td><\/tr><tr class=\"cookielawinfo-row\"><td class=\"cookielawinfo-column-1\">cookielawinfo-checkbox-analytics<\/td><td class=\"cookielawinfo-column-2\"><\/td><td class=\"cookielawinfo-column-3\">1 year<\/td><td class=\"cookielawinfo-column-4\">This cookies is set by GDPR Cookie Consent WordPress Plugin. The cookie is used to remember the user consent for the cookies under the category \"Analytics\".<\/td><\/tr><tr class=\"cookielawinfo-row\"><td class=\"cookielawinfo-column-1\">cookielawinfo-checkbox-functional<\/td><td class=\"cookielawinfo-column-2\"><\/td><td class=\"cookielawinfo-column-3\">1 year<\/td><td class=\"cookielawinfo-column-4\">The cookie is set by GDPR cookie consent to record the user consent for the cookies in the category \"Functional\".<\/td><\/tr><tr class=\"cookielawinfo-row\"><td class=\"cookielawinfo-column-1\">cookielawinfo-checkbox-necessary<\/td><td class=\"cookielawinfo-column-2\"><\/td><td class=\"cookielawinfo-column-3\">1 year<\/td><td class=\"cookielawinfo-column-4\">This cookie is set by GDPR Cookie Consent plugin. The cookies is used to store the user consent for the cookies in the category \"Necessary\".<\/td><\/tr><tr class=\"cookielawinfo-row\"><td class=\"cookielawinfo-column-1\">cookielawinfo-checkbox-others<\/td><td class=\"cookielawinfo-column-2\"><\/td><td class=\"cookielawinfo-column-3\">1 year<\/td><td class=\"cookielawinfo-column-4\">No description<\/td><\/tr><tr class=\"cookielawinfo-row\"><td class=\"cookielawinfo-column-1\">cookielawinfo-checkbox-performance<\/td><td class=\"cookielawinfo-column-2\"><\/td><td class=\"cookielawinfo-column-3\">1 year<\/td><td class=\"cookielawinfo-column-4\">This cookie is set by GDPR Cookie Consent plugin. The cookie is used to store the user consent for the cookies in the category \"Performance\".<\/td><\/tr><\/tbody><\/table>\n<p>Per a deshabilitar les cookies d&#8217;an\u00e0lisis pot utilitzar les seg\u00fcents direccions d&#8217;exclusi\u00f3: Pol\u00edtica de privacitat de\u00a0Google\u00a0i\u00a0Exclusi\u00f3 de Google *Analytics<\/p>\n<p>Cookies de publicitat comportamental: Tamb\u00e9 podr\u00e0 controlar els anuncis i les tecnologies de seguiment amb l&#8217;aplicaci\u00f3 *Ghostery:\u00a0http:\/\/www.ghostery.com\/<\/p>\n<p>Cookies socials: M\u00e9s info: https:\/\/www.facebook.com\/policies\/cookies\/<\/p>\n<p>Altres cookies de tercers (Google, Youtube, Cloudflare, Bizible):<\/p>\n<p><strong>Gesti\u00f3 de les cookies mitjan\u00e7ant la configuraci\u00f3 del navegador<\/strong><\/p>\n<p>L&#8217;usuari pot permetre, bloquejar o eliminar les cookies instal\u00b7lades en el seu dispositiu mitjan\u00e7ant la configuraci\u00f3 de les opcions del navegador instal\u00b7lat.<\/p>\n<p>Per a m\u00e9s informaci\u00f3 sobre cookies en Google Chrome\u00a0premi aqu\u00ed.<br \/>\nPer a m\u00e9s informaci\u00f3 sobre cookies en Mozilla Firefox premi aqu\u00ed.<br \/>\nPer a m\u00e9s informaci\u00f3 sobre cookies en Internet Explorer\u00a0premi aqu\u00ed.<br \/>\nPer a m\u00e9s informaci\u00f3 sobre cookies en Safari\u00a0premi aqu\u00ed.<\/p>\n<p>Actualitzaci\u00f3 de la pol\u00edtica de cookies<\/p>\n<p>La pol\u00edtica de cookies pot ser modificada sobre la base de noves interpretacions dels organismes competents, jutges, o Tribunals. Per aix\u00f2 l&#8217;usuari ha de comprovar de manera peri\u00f2dica el seu contingut.<\/p>\n<p>Si desitja m\u00e9s informaci\u00f3 sobre la nostra pol\u00edtica de cookies es pot dirigir per correu electr\u00f2nic a farmaciacarreras@farmaciacarreras.es<\/p>\n<\/div><\/div><style type=\"text\/css\">.fusion-body .fusion-builder-column-0{width:100% !important;margin-top : 0px;margin-bottom : 30px;}.fusion-builder-column-0 > .fusion-column-wrapper {padding-top : 0px !important;padding-right : 0px !important;margin-right : 1.92%;padding-bottom : 0px !important;padding-left : 0px !important;margin-left : 1.92%;}@media only screen and (max-width:1024px) {.fusion-body .fusion-builder-column-0{width:100% !important;order : 0;}.fusion-builder-column-0 > .fusion-column-wrapper {margin-right : 1.92%;margin-left : 1.92%;}}@media only screen and (max-width:640px) {.fusion-body .fusion-builder-column-0{width:100% !important;order : 0;}.fusion-builder-column-0 > .fusion-column-wrapper {margin-right : 1.92%;margin-left : 1.92%;}}<\/style><\/div><\/div><style type=\"text\/css\">.fusion-body .fusion-flex-container.fusion-builder-row-1{ padding-top : 0px;margin-top : 0px;padding-right : 0px;padding-bottom : 0px;margin-bottom : 0px;padding-left : 0px;}<\/style><\/div>\n","protected":false},"excerpt":{"rendered":"","protected":false},"author":1,"featured_media":0,"parent":0,"menu_order":0,"comment_status":"closed","ping_status":"closed","template":"","meta":{"footnotes":""},"yoast_head":"<!-- This site is optimized with the Yoast SEO plugin v21.0 - https:\/\/yoast.com\/wordpress\/plugins\/seo\/ -->\n<title>Pol\u00edtica de Cookies - Farmacia Dr.Carreras<\/title>\n<meta name=\"robots\" content=\"index, follow, max-snippet:-1, max-image-preview:large, max-video-preview:-1\" \/>\n<link rel=\"canonical\" href=\"https:\/\/farmaciacarreras.es\/ca\/politica-de-cookies\/\" \/>\n<meta property=\"og:locale\" content=\"ca_ES\" \/>\n<meta property=\"og:type\" content=\"article\" \/>\n<meta property=\"og:title\" content=\"Pol\u00edtica de Cookies - Farmacia Dr.Carreras\" \/>\n<meta property=\"og:url\" content=\"https:\/\/farmaciacarreras.es\/ca\/politica-de-cookies\/\" \/>\n<meta property=\"og:site_name\" content=\"Farmacia Dr.Carreras\" \/>\n<meta property=\"article:modified_time\" content=\"2021-07-05T16:39:45+00:00\" \/>\n<meta name=\"twitter:card\" content=\"summary_large_image\" \/>\n<meta name=\"twitter:label1\" content=\"Temps estimat de lectura\" \/>\n\t<meta name=\"twitter:data1\" content=\"4 minuts\" \/>\n<script type=\"application\/ld+json\" class=\"yoast-schema-graph\">{\"@context\":\"https:\/\/schema.org\",\"@graph\":[{\"@type\":\"WebPage\",\"@id\":\"https:\/\/farmaciacarreras.es\/ca\/politica-de-cookies\/\",\"url\":\"https:\/\/farmaciacarreras.es\/ca\/politica-de-cookies\/\",\"name\":\"Pol\u00edtica de Cookies - Farmacia Dr.Carreras\",\"isPartOf\":{\"@id\":\"https:\/\/farmaciacarreras.es\/es\/#website\"},\"datePublished\":\"2021-06-23T06:11:04+00:00\",\"dateModified\":\"2021-07-05T16:39:45+00:00\",\"breadcrumb\":{\"@id\":\"https:\/\/farmaciacarreras.es\/ca\/politica-de-cookies\/#breadcrumb\"},\"inLanguage\":\"ca\",\"potentialAction\":[{\"@type\":\"ReadAction\",\"target\":[\"https:\/\/farmaciacarreras.es\/ca\/politica-de-cookies\/\"]}]},{\"@type\":\"BreadcrumbList\",\"@id\":\"https:\/\/farmaciacarreras.es\/ca\/politica-de-cookies\/#breadcrumb\",\"itemListElement\":[{\"@type\":\"ListItem\",\"position\":1,\"name\":\"Portada\",\"item\":\"https:\/\/farmaciacarreras.es\/ca\/\"},{\"@type\":\"ListItem\",\"position\":2,\"name\":\"Pol\u00edtica de Cookies\"}]},{\"@type\":\"WebSite\",\"@id\":\"https:\/\/farmaciacarreras.es\/es\/#website\",\"url\":\"https:\/\/farmaciacarreras.es\/es\/\",\"name\":\"Farmacia Dr.Carreras\",\"description\":\"FARMACIA DR. CARRERAS. Elaboraci\u00f3n y control de medicamentos. Tel 93 318 70 99 Fax 93 412 32 32. Carrer Hospital, 14 - 08001 Barcelona.\",\"publisher\":{\"@id\":\"https:\/\/farmaciacarreras.es\/es\/#organization\"},\"potentialAction\":[{\"@type\":\"SearchAction\",\"target\":{\"@type\":\"EntryPoint\",\"urlTemplate\":\"https:\/\/farmaciacarreras.es\/es\/?s={search_term_string}\"},\"query-input\":\"required name=search_term_string\"}],\"inLanguage\":\"ca\"},{\"@type\":\"Organization\",\"@id\":\"https:\/\/farmaciacarreras.es\/es\/#organization\",\"name\":\"Farmacia Dr. Carreras\",\"url\":\"https:\/\/farmaciacarreras.es\/es\/\",\"logo\":{\"@type\":\"ImageObject\",\"inLanguage\":\"ca\",\"@id\":\"https:\/\/farmaciacarreras.es\/es\/#\/schema\/logo\/image\/\",\"url\":\"https:\/\/farmaciacarreras.es\/wp-content\/uploads\/2015\/12\/LOGO-Texto-Home.jpg\",\"contentUrl\":\"https:\/\/farmaciacarreras.es\/wp-content\/uploads\/2015\/12\/LOGO-Texto-Home.jpg\",\"width\":120,\"height\":138,\"caption\":\"Farmacia Dr. Carreras\"},\"image\":{\"@id\":\"https:\/\/farmaciacarreras.es\/es\/#\/schema\/logo\/image\/\"}}]}<\/script>\n<!-- \/ Yoast SEO plugin. -->","yoast_head_json":{"title":"Pol\u00edtica de Cookies - Farmacia Dr.Carreras","robots":{"index":"index","follow":"follow","max-snippet":"max-snippet:-1","max-image-preview":"max-image-preview:large","max-video-preview":"max-video-preview:-1"},"canonical":"https:\/\/farmaciacarreras.es\/ca\/politica-de-cookies\/","og_locale":"ca_ES","og_type":"article","og_title":"Pol\u00edtica de Cookies - Farmacia Dr.Carreras","og_url":"https:\/\/farmaciacarreras.es\/ca\/politica-de-cookies\/","og_site_name":"Farmacia Dr.Carreras","article_modified_time":"2021-07-05T16:39:45+00:00","twitter_card":"summary_large_image","twitter_misc":{"Temps estimat de lectura":"4 minuts"},"schema":{"@context":"https:\/\/schema.org","@graph":[{"@type":"WebPage","@id":"https:\/\/farmaciacarreras.es\/ca\/politica-de-cookies\/","url":"https:\/\/farmaciacarreras.es\/ca\/politica-de-cookies\/","name":"Pol\u00edtica de Cookies - Farmacia Dr.Carreras","isPartOf":{"@id":"https:\/\/farmaciacarreras.es\/es\/#website"},"datePublished":"2021-06-23T06:11:04+00:00","dateModified":"2021-07-05T16:39:45+00:00","breadcrumb":{"@id":"https:\/\/farmaciacarreras.es\/ca\/politica-de-cookies\/#breadcrumb"},"inLanguage":"ca","potentialAction":[{"@type":"ReadAction","target":["https:\/\/farmaciacarreras.es\/ca\/politica-de-cookies\/"]}]},{"@type":"BreadcrumbList","@id":"https:\/\/farmaciacarreras.es\/ca\/politica-de-cookies\/#breadcrumb","itemListElement":[{"@type":"ListItem","position":1,"name":"Portada","item":"https:\/\/farmaciacarreras.es\/ca\/"},{"@type":"ListItem","position":2,"name":"Pol\u00edtica de Cookies"}]},{"@type":"WebSite","@id":"https:\/\/farmaciacarreras.es\/es\/#website","url":"https:\/\/farmaciacarreras.es\/es\/","name":"Farmacia Dr.Carreras","description":"FARMACIA DR. CARRERAS. Elaboraci\u00f3n y control de medicamentos. Tel 93 318 70 99 Fax 93 412 32 32. Carrer Hospital, 14 - 08001 Barcelona.","publisher":{"@id":"https:\/\/farmaciacarreras.es\/es\/#organization"},"potentialAction":[{"@type":"SearchAction","target":{"@type":"EntryPoint","urlTemplate":"https:\/\/farmaciacarreras.es\/es\/?s={search_term_string}"},"query-input":"required name=search_term_string"}],"inLanguage":"ca"},{"@type":"Organization","@id":"https:\/\/farmaciacarreras.es\/es\/#organization","name":"Farmacia Dr. Carreras","url":"https:\/\/farmaciacarreras.es\/es\/","logo":{"@type":"ImageObject","inLanguage":"ca","@id":"https:\/\/farmaciacarreras.es\/es\/#\/schema\/logo\/image\/","url":"https:\/\/farmaciacarreras.es\/wp-content\/uploads\/2015\/12\/LOGO-Texto-Home.jpg","contentUrl":"https:\/\/farmaciacarreras.es\/wp-content\/uploads\/2015\/12\/LOGO-Texto-Home.jpg","width":120,"height":138,"caption":"Farmacia Dr. Carreras"},"image":{"@id":"https:\/\/farmaciacarreras.es\/es\/#\/schema\/logo\/image\/"}}]}},"_links":{"self":[{"href":"https:\/\/farmaciacarreras.es\/ca\/wp-json\/wp\/v2\/pages\/1408"}],"collection":[{"href":"https:\/\/farmaciacarreras.es\/ca\/wp-json\/wp\/v2\/pages"}],"about":[{"href":"https:\/\/farmaciacarreras.es\/ca\/wp-json\/wp\/v2\/types\/page"}],"author":[{"embeddable":true,"href":"https:\/\/farmaciacarreras.es\/ca\/wp-json\/wp\/v2\/users\/1"}],"replies":[{"embeddable":true,"href":"https:\/\/farmaciacarreras.es\/ca\/wp-json\/wp\/v2\/comments?post=1408"}],"version-history":[{"count":4,"href":"https:\/\/farmaciacarreras.es\/ca\/wp-json\/wp\/v2\/pages\/1408\/revisions"}],"predecessor-version":[{"id":1472,"href":"https:\/\/farmaciacarreras.es\/ca\/wp-json\/wp\/v2\/pages\/1408\/revisions\/1472"}],"wp:attachment":[{"href":"https:\/\/farmaciacarreras.es\/ca\/wp-json\/wp\/v2\/media?parent=1408"}],"curies":[{"name":"wp","href":"https:\/\/api.w.org\/{rel}","templated":true}]}}