{"id":1410,"date":"2021-06-23T06:11:06","date_gmt":"2021-06-23T06:11:06","guid":{"rendered":"https:\/\/farmaciacarreras.es\/?page_id=1410"},"modified":"2023-10-26T10:22:26","modified_gmt":"2023-10-26T10:22:26","slug":"politica-de-privacitat","status":"publish","type":"page","link":"https:\/\/farmaciacarreras.es\/ca\/politica-de-privacitat\/","title":{"rendered":"Pol\u00edtica de Privacitat"},"content":{"rendered":"<div class=\"fusion-fullwidth fullwidth-box fusion-builder-row-1 fusion-flex-container nonhundred-percent-fullwidth non-hundred-percent-height-scrolling\" style=\"background-color: rgba(255,255,255,0);background-position: center center;background-repeat: no-repeat;border-width: 0px 0px 0px 0px;border-color:#eae9e9;border-style:solid;\" ><div class=\"fusion-builder-row fusion-row fusion-flex-align-items-flex-start\" style=\"max-width:1216.8px;margin-left: calc(-4% \/ 2 );margin-right: calc(-4% \/ 2 );\"><div class=\"fusion-layout-column fusion_builder_column fusion-builder-column-0 fusion_builder_column_1_1 1_1 fusion-flex-column\"><div class=\"fusion-column-wrapper fusion-flex-justify-content-flex-start fusion-content-layout-column\" style=\"background-position:left top;background-repeat:no-repeat;-webkit-background-size:cover;-moz-background-size:cover;-o-background-size:cover;background-size:cover;padding: 0px 0px 0px 0px;\"><div class=\"fusion-text fusion-text-1\"><p><b>Pol\u00edtica de Privacitat<\/b><\/p>\n<p><span style=\"font-weight: 400;\">De conformitat al que estableix el Reglament Europeu de Protecci\u00f3 de Dades (Reglament UE 2016\/679) , la LOPDGDD 3\/2018 del 5 de desembre\u00a0 i la resta de la normativa vigent, informem a l\u2019usuari sobre el tractament de\u00a0 les dades personals generat per la seva\u00a0 navegaci\u00f3\u00a0 en aquest lloc web.<\/span><\/p>\n<p><span style=\"font-weight: 400;\">El responsable de tractament \u00e9s el\u00a0 Dr. Miquel Carreras Coma, titular propietari de l\u2019oficina de farm\u00e0cia el situada\u00a0 al c\/ Hospital, 14, 08001 de Barcelona i de la seva \u201cWEB site\u201d.\u00a0<\/span><\/p>\n<p><b>Dades personals<\/b><\/p>\n<p><span style=\"font-weight: 400;\">A trav\u00e9s d\u2019aquest lloc Web s\u2019obt\u00e9 la informaci\u00f3 sobre la IP de les persones usu\u00e0ries que es connecten amb la finalitat de oferir el millor servei i facilitar la seva usabilitat. S\u2019analitzen el nombre de p\u00e0gines visitades, les visites i la navegaci\u00f3 de les persones que les visiten, cada vegada que s&#8217;accedeix a una p\u00e0gina web, el servidor de la web emmagatzema dades autom\u00e0ticament al fitxer de registre del servidor, entre d&#8217;altres, el nom del fitxer al qual s&#8217;accedeix, l&#8217;adre\u00e7a IP, la data i el temps d&#8217;acc\u00e9s, el volum de dades transferides, l&#8217;operador sol\u00b7licitat i en documenta la recuperaci\u00f3. Aquestes dades d&#8217;acc\u00e9s es fan servir nom\u00e9s en base\u00a0 a l\u2019inter\u00e8s leg\u00edtim del titular en la presentaci\u00f3 correcta del lloc web.<\/span><\/p>\n<p><span style=\"font-weight: 400;\">Aquestes dades seran tractades de forma confidencial i s\u2019incorporaran a la base de dades del responsable de tractament.\u00a0<\/span><\/p>\n<p><b>Finalitat, durada i legitimaci\u00f3 del tractament<\/b><\/p>\n<p><span style=\"font-weight: 400;\">A banda de les dades que es recaven a trav\u00e9s del formulari que consta en la web i que ja contenen la seva pol\u00edtica de privacitat,\u00a0 el responsable de tractament nom\u00e9s utilitzar\u00e0 la informaci\u00f3 sobre el seu acc\u00e9s i la navegaci\u00f3 per con\u00e8ixer els seus interessos i proporcionar-li millor servei pel que fa a la navegaci\u00f3. La legitimaci\u00f3 s\u2019obt\u00e9 pel consentiment previ de l\u2019usuari que ha prestat mitjan\u00e7ant una acci\u00f3 clarament afirmativa quan accedeix a la p\u00e0gina i en base a l\u2019acceptaci\u00f3 de les cookies.<\/span><\/p>\n<p><span style=\"font-weight: 400;\">La durada del tractament\u00a0 i la conservaci\u00f3 de les dades, est\u00e0 condicionat al temps necessari per complir amb la finalitat per a la qual s\u2019obtenen\u00a0 i per determinar les possibles responsabilitats que es poguessin derivar de la finalitat del tractament.\u00a0<\/span><\/p>\n<p><b>Comunicaci\u00f3 de les dades<\/b><\/p>\n<p><span style=\"font-weight: 400;\">Amb car\u00e0cter general no hi ha cap previsi\u00f3 de comunicar les dades , llevat que sigui per obligaci\u00f3 legal, requeriment judicial, o persones interessades en els procediments relacionats amb les reclamacions presentades<\/span><b>.<\/b><\/p>\n<p><span style=\"font-weight: 400;\">\u00a0<\/span><b>Drets dels interessats<\/b><\/p>\n<p><span style=\"font-weight: 400;\">L&#8217;usuari t\u00e9 dret a accedir a les seves dades i a obtenir confirmaci\u00f3 sobre el tractament, tamb\u00e9 a obtenir una c\u00f2pia de les dades personals objecte de tractament. T\u00e9 dret a actualitzar-les i sol\u00b7licitar la rectificaci\u00f3 de les dades que siguin inexactes o sol\u00b7licitar la supressi\u00f3 quan les dades no siguin necess\u00e0ries per les finalitats\u00a0 per les qu\u00e8 van ser demanades. Pot sol\u00b7licitar la limitaci\u00f3 en el tractament de les seves dades i oposar-se al tractament d&#8217;aquestes dades revocant el consentiment, aix\u00ed com exercir el dret a la portabilitat de les dades. Tamb\u00e9 t\u00e9 dret a no ser objecte de decisions basades \u00fanicament en el tractament automatitzat de les seves dades personals. Pot exercir els seus\u00a0 drets contactant amb el Dr. Miquel Carreras Coma, a l&#8217;adre\u00e7a en l\u2019encap\u00e7alament indicada\u00a0 o per correu electr\u00f2nic a l&#8217;adre\u00e7a: <\/span><a href=\"mailto:farmaciacarreras@farmaciacarreras.es\"><span style=\"font-weight: 400;\">farmaciacarreras@farmaciacarreras.es<\/span><\/a><span style=\"font-weight: 400;\">. Tamb\u00e9 pot exercir els seus drets davant l&#8217;Ag\u00e8ncia Espanyola de Protecci\u00f3 de Dades.<\/span><\/p>\n<\/div><\/div><style type=\"text\/css\">.fusion-body .fusion-builder-column-0{width:100% !important;margin-top : 0px;margin-bottom : 30px;}.fusion-builder-column-0 > .fusion-column-wrapper {padding-top : 0px !important;padding-right : 0px !important;margin-right : 1.92%;padding-bottom : 0px !important;padding-left : 0px !important;margin-left : 1.92%;}@media only screen and (max-width:1024px) {.fusion-body .fusion-builder-column-0{width:100% !important;order : 0;}.fusion-builder-column-0 > .fusion-column-wrapper {margin-right : 1.92%;margin-left : 1.92%;}}@media only screen and (max-width:640px) {.fusion-body .fusion-builder-column-0{width:100% !important;order : 0;}.fusion-builder-column-0 > .fusion-column-wrapper {margin-right : 1.92%;margin-left : 1.92%;}}<\/style><\/div><\/div><style type=\"text\/css\">.fusion-body .fusion-flex-container.fusion-builder-row-1{ padding-top : 0px;margin-top : 0px;padding-right : 0px;padding-bottom : 0px;margin-bottom : 0px;padding-left : 0px;}<\/style><\/div>\n","protected":false},"excerpt":{"rendered":"","protected":false},"author":1,"featured_media":0,"parent":0,"menu_order":0,"comment_status":"closed","ping_status":"closed","template":"","meta":{"footnotes":""},"yoast_head":"<!-- This site is optimized with the Yoast SEO plugin v21.0 - https:\/\/yoast.com\/wordpress\/plugins\/seo\/ -->\n<title>Pol\u00edtica de Privacitat - Farmacia Dr.Carreras<\/title>\n<meta name=\"robots\" content=\"index, follow, max-snippet:-1, max-image-preview:large, max-video-preview:-1\" \/>\n<link rel=\"canonical\" href=\"https:\/\/farmaciacarreras.es\/ca\/politica-de-privacitat\/\" \/>\n<meta property=\"og:locale\" content=\"ca_ES\" \/>\n<meta property=\"og:type\" content=\"article\" \/>\n<meta property=\"og:title\" content=\"Pol\u00edtica de Privacitat - Farmacia Dr.Carreras\" \/>\n<meta property=\"og:url\" content=\"https:\/\/farmaciacarreras.es\/ca\/politica-de-privacitat\/\" \/>\n<meta property=\"og:site_name\" content=\"Farmacia Dr.Carreras\" \/>\n<meta property=\"article:modified_time\" content=\"2023-10-26T10:22:26+00:00\" \/>\n<meta name=\"twitter:card\" content=\"summary_large_image\" \/>\n<meta name=\"twitter:label1\" content=\"Temps estimat de lectura\" \/>\n\t<meta name=\"twitter:data1\" content=\"3 minuts\" \/>\n<script type=\"application\/ld+json\" class=\"yoast-schema-graph\">{\"@context\":\"https:\/\/schema.org\",\"@graph\":[{\"@type\":\"WebPage\",\"@id\":\"https:\/\/farmaciacarreras.es\/ca\/politica-de-privacitat\/\",\"url\":\"https:\/\/farmaciacarreras.es\/ca\/politica-de-privacitat\/\",\"name\":\"Pol\u00edtica de Privacitat - Farmacia Dr.Carreras\",\"isPartOf\":{\"@id\":\"https:\/\/farmaciacarreras.es\/es\/#website\"},\"datePublished\":\"2021-06-23T06:11:06+00:00\",\"dateModified\":\"2023-10-26T10:22:26+00:00\",\"breadcrumb\":{\"@id\":\"https:\/\/farmaciacarreras.es\/ca\/politica-de-privacitat\/#breadcrumb\"},\"inLanguage\":\"ca\",\"potentialAction\":[{\"@type\":\"ReadAction\",\"target\":[\"https:\/\/farmaciacarreras.es\/ca\/politica-de-privacitat\/\"]}]},{\"@type\":\"BreadcrumbList\",\"@id\":\"https:\/\/farmaciacarreras.es\/ca\/politica-de-privacitat\/#breadcrumb\",\"itemListElement\":[{\"@type\":\"ListItem\",\"position\":1,\"name\":\"Portada\",\"item\":\"https:\/\/farmaciacarreras.es\/ca\/\"},{\"@type\":\"ListItem\",\"position\":2,\"name\":\"Pol\u00edtica de Privacitat\"}]},{\"@type\":\"WebSite\",\"@id\":\"https:\/\/farmaciacarreras.es\/es\/#website\",\"url\":\"https:\/\/farmaciacarreras.es\/es\/\",\"name\":\"Farmacia Dr.Carreras\",\"description\":\"FARMACIA DR. CARRERAS. Elaboraci\u00f3n y control de medicamentos. Tel 93 318 70 99 Fax 93 412 32 32. Carrer Hospital, 14 - 08001 Barcelona.\",\"publisher\":{\"@id\":\"https:\/\/farmaciacarreras.es\/es\/#organization\"},\"potentialAction\":[{\"@type\":\"SearchAction\",\"target\":{\"@type\":\"EntryPoint\",\"urlTemplate\":\"https:\/\/farmaciacarreras.es\/es\/?s={search_term_string}\"},\"query-input\":\"required name=search_term_string\"}],\"inLanguage\":\"ca\"},{\"@type\":\"Organization\",\"@id\":\"https:\/\/farmaciacarreras.es\/es\/#organization\",\"name\":\"Farmacia Dr. Carreras\",\"url\":\"https:\/\/farmaciacarreras.es\/es\/\",\"logo\":{\"@type\":\"ImageObject\",\"inLanguage\":\"ca\",\"@id\":\"https:\/\/farmaciacarreras.es\/es\/#\/schema\/logo\/image\/\",\"url\":\"https:\/\/farmaciacarreras.es\/wp-content\/uploads\/2015\/12\/LOGO-Texto-Home.jpg\",\"contentUrl\":\"https:\/\/farmaciacarreras.es\/wp-content\/uploads\/2015\/12\/LOGO-Texto-Home.jpg\",\"width\":120,\"height\":138,\"caption\":\"Farmacia Dr. Carreras\"},\"image\":{\"@id\":\"https:\/\/farmaciacarreras.es\/es\/#\/schema\/logo\/image\/\"}}]}<\/script>\n<!-- \/ Yoast SEO plugin. -->","yoast_head_json":{"title":"Pol\u00edtica de Privacitat - Farmacia Dr.Carreras","robots":{"index":"index","follow":"follow","max-snippet":"max-snippet:-1","max-image-preview":"max-image-preview:large","max-video-preview":"max-video-preview:-1"},"canonical":"https:\/\/farmaciacarreras.es\/ca\/politica-de-privacitat\/","og_locale":"ca_ES","og_type":"article","og_title":"Pol\u00edtica de Privacitat - Farmacia Dr.Carreras","og_url":"https:\/\/farmaciacarreras.es\/ca\/politica-de-privacitat\/","og_site_name":"Farmacia Dr.Carreras","article_modified_time":"2023-10-26T10:22:26+00:00","twitter_card":"summary_large_image","twitter_misc":{"Temps estimat de lectura":"3 minuts"},"schema":{"@context":"https:\/\/schema.org","@graph":[{"@type":"WebPage","@id":"https:\/\/farmaciacarreras.es\/ca\/politica-de-privacitat\/","url":"https:\/\/farmaciacarreras.es\/ca\/politica-de-privacitat\/","name":"Pol\u00edtica de Privacitat - Farmacia Dr.Carreras","isPartOf":{"@id":"https:\/\/farmaciacarreras.es\/es\/#website"},"datePublished":"2021-06-23T06:11:06+00:00","dateModified":"2023-10-26T10:22:26+00:00","breadcrumb":{"@id":"https:\/\/farmaciacarreras.es\/ca\/politica-de-privacitat\/#breadcrumb"},"inLanguage":"ca","potentialAction":[{"@type":"ReadAction","target":["https:\/\/farmaciacarreras.es\/ca\/politica-de-privacitat\/"]}]},{"@type":"BreadcrumbList","@id":"https:\/\/farmaciacarreras.es\/ca\/politica-de-privacitat\/#breadcrumb","itemListElement":[{"@type":"ListItem","position":1,"name":"Portada","item":"https:\/\/farmaciacarreras.es\/ca\/"},{"@type":"ListItem","position":2,"name":"Pol\u00edtica de Privacitat"}]},{"@type":"WebSite","@id":"https:\/\/farmaciacarreras.es\/es\/#website","url":"https:\/\/farmaciacarreras.es\/es\/","name":"Farmacia Dr.Carreras","description":"FARMACIA DR. CARRERAS. Elaboraci\u00f3n y control de medicamentos. Tel 93 318 70 99 Fax 93 412 32 32. Carrer Hospital, 14 - 08001 Barcelona.","publisher":{"@id":"https:\/\/farmaciacarreras.es\/es\/#organization"},"potentialAction":[{"@type":"SearchAction","target":{"@type":"EntryPoint","urlTemplate":"https:\/\/farmaciacarreras.es\/es\/?s={search_term_string}"},"query-input":"required name=search_term_string"}],"inLanguage":"ca"},{"@type":"Organization","@id":"https:\/\/farmaciacarreras.es\/es\/#organization","name":"Farmacia Dr. Carreras","url":"https:\/\/farmaciacarreras.es\/es\/","logo":{"@type":"ImageObject","inLanguage":"ca","@id":"https:\/\/farmaciacarreras.es\/es\/#\/schema\/logo\/image\/","url":"https:\/\/farmaciacarreras.es\/wp-content\/uploads\/2015\/12\/LOGO-Texto-Home.jpg","contentUrl":"https:\/\/farmaciacarreras.es\/wp-content\/uploads\/2015\/12\/LOGO-Texto-Home.jpg","width":120,"height":138,"caption":"Farmacia Dr. Carreras"},"image":{"@id":"https:\/\/farmaciacarreras.es\/es\/#\/schema\/logo\/image\/"}}]}},"_links":{"self":[{"href":"https:\/\/farmaciacarreras.es\/ca\/wp-json\/wp\/v2\/pages\/1410"}],"collection":[{"href":"https:\/\/farmaciacarreras.es\/ca\/wp-json\/wp\/v2\/pages"}],"about":[{"href":"https:\/\/farmaciacarreras.es\/ca\/wp-json\/wp\/v2\/types\/page"}],"author":[{"embeddable":true,"href":"https:\/\/farmaciacarreras.es\/ca\/wp-json\/wp\/v2\/users\/1"}],"replies":[{"embeddable":true,"href":"https:\/\/farmaciacarreras.es\/ca\/wp-json\/wp\/v2\/comments?post=1410"}],"version-history":[{"count":4,"href":"https:\/\/farmaciacarreras.es\/ca\/wp-json\/wp\/v2\/pages\/1410\/revisions"}],"predecessor-version":[{"id":1730,"href":"https:\/\/farmaciacarreras.es\/ca\/wp-json\/wp\/v2\/pages\/1410\/revisions\/1730"}],"wp:attachment":[{"href":"https:\/\/farmaciacarreras.es\/ca\/wp-json\/wp\/v2\/media?parent=1410"}],"curies":[{"name":"wp","href":"https:\/\/api.w.org\/{rel}","templated":true}]}}