{"id":1037,"date":"2018-10-09T18:05:14","date_gmt":"2018-10-09T18:05:14","guid":{"rendered":"https:\/\/farmaciacarreras.es\/?page_id=1037"},"modified":"2025-08-25T08:21:24","modified_gmt":"2025-08-25T08:21:24","slug":"formulas-magistrales-esteriles-para-farmacia","status":"publish","type":"page","link":"https:\/\/farmaciacarreras.es\/es\/farmacia\/formulas-magistrales-esteriles-para-farmacia\/","title":{"rendered":"F\u00f3rmulas Magistrales\u00a0EST\u00c9RILES para FARMACIA"},"content":{"rendered":"<p><div class=\"fusion-fullwidth fullwidth-box fusion-builder-row-1 nonhundred-percent-fullwidth non-hundred-percent-height-scrolling\" style=\"background-color: rgba(255,255,255,0);background-position: center center;background-repeat: no-repeat;padding-top:0px;padding-right:0px;padding-bottom:0px;padding-left:0px;margin-bottom: 0px;margin-top: 0px;border-width: 0px 0px 0px 0px;border-color:#eae9e9;border-style:solid;\" ><div class=\"fusion-builder-row fusion-row\"><div class=\"fusion-layout-column fusion_builder_column fusion-builder-column-0 fusion_builder_column_1_1 1_1 fusion-one-full fusion-column-first fusion-column-last\" style=\"margin-top:0px;margin-bottom:30px;\"><div class=\"fusion-column-wrapper fusion-flex-column-wrapper-legacy\" style=\"background-position:left top;background-repeat:no-repeat;-webkit-background-size:cover;-moz-background-size:cover;-o-background-size:cover;background-size:cover;padding: 0px 0px 0px 0px;\"><div class=\"fusion-text fusion-text-1\"><p style=\"text-align: left;\">A continuaci\u00f3n le mostramos el formulario para <strong>encargo de elaboraci\u00f3n y control de f\u00f3rmulas magistrales o preparados oficinales EST\u00c9RILES<\/strong>.<\/p>\n<ol>\n<li style=\"text-align: left;\">Rellene los campos obligatorios y los no obligatorios que hayan cambiado.<\/li>\n<li style=\"text-align: left;\">Adjunte una\u00a0imagen escaneada de la receta m\u00e9dica.<\/li>\n<li style=\"text-align: left;\">Finalice haciendo click en Enviar.<\/li>\n<\/ol>\n<\/div><div class=\"fusion-clearfix\"><\/div><\/div><\/div><\/div><\/div><div class=\"fusion-fullwidth fullwidth-box fusion-builder-row-2 nonhundred-percent-fullwidth non-hundred-percent-height-scrolling\" style=\"background-color: rgba(255,255,255,0);background-position: center center;background-repeat: no-repeat;padding-top:0px;padding-right:0px;padding-bottom:0px;padding-left:0px;margin-bottom: 0px;margin-top: 0px;border-width: 0px 0px 0px 0px;border-color:#eae9e9;border-style:solid;\" ><div class=\"fusion-builder-row fusion-row\"><div class=\"fusion-layout-column fusion_builder_column fusion-builder-column-1 fusion_builder_column_1_1 1_1 fusion-one-full fusion-column-first fusion-column-last\" style=\"margin-top:0px;margin-bottom:30px;\"><div class=\"fusion-column-wrapper fusion-flex-column-wrapper-legacy\" style=\"background-position:left top;background-repeat:no-repeat;-webkit-background-size:cover;-moz-background-size:cover;-o-background-size:cover;background-size:cover;padding: 0px 0px 0px 0px;\"><div class=\"fusion-text fusion-text-2\">\n<div class=\"wpcf7 no-js\" id=\"wpcf7-f1011-o1\" lang=\"es-ES\" dir=\"ltr\">\n<div class=\"screen-reader-response\"><p role=\"status\" aria-live=\"polite\" aria-atomic=\"true\"><\/p> <ul><\/ul><\/div>\n<form action=\"\/es\/wp-json\/wp\/v2\/pages\/1037#wpcf7-f1011-o1\" method=\"post\" class=\"wpcf7-form init\" aria-label=\"Formulario de contacto\" enctype=\"multipart\/form-data\" novalidate=\"novalidate\" data-status=\"init\">\n<div style=\"display: none;\">\n<input type=\"hidden\" name=\"_wpcf7\" value=\"1011\" \/>\n<input type=\"hidden\" name=\"_wpcf7_version\" value=\"5.8\" \/>\n<input type=\"hidden\" name=\"_wpcf7_locale\" value=\"es_ES\" \/>\n<input type=\"hidden\" name=\"_wpcf7_unit_tag\" value=\"wpcf7-f1011-o1\" \/>\n<input type=\"hidden\" name=\"_wpcf7_container_post\" value=\"0\" \/>\n<input type=\"hidden\" name=\"_wpcf7_posted_data_hash\" value=\"\" \/>\n<input type=\"hidden\" name=\"_wpcf7_recaptcha_response\" value=\"\" \/>\n<\/div>\n<div class=\"form form-overlay\">\n\t<div class=\"form-group col-sm-6 col-xs-12\">\n\t\t<p><span class=\"wpcf7-form-control-wrap\" data-name=\"oficina_farmacia\"><input size=\"40\" class=\"wpcf7-form-control wpcf7-text wpcf7-validates-as-required form-control fullname\" aria-required=\"true\" aria-invalid=\"false\" placeholder=\"* Titular o Raz\u00f3n Social\" value=\"\" type=\"text\" name=\"oficina_farmacia\" \/><\/span>\n\t\t<\/p>\n\t\t<p><span class=\"wpcf7-form-control-wrap\" data-name=\"nif\"><input size=\"40\" class=\"wpcf7-form-control wpcf7-text wpcf7-validates-as-required form-control fullname\" aria-required=\"true\" aria-invalid=\"false\" placeholder=\"* N.I.F.\" value=\"\" type=\"text\" name=\"nif\" \/><\/span>\n\t\t<\/p>\n\t\t<p><span class=\"wpcf7-form-control-wrap\" data-name=\"domicilacion_bancaria\"><input size=\"40\" class=\"wpcf7-form-control wpcf7-text form-control fullname\" aria-invalid=\"false\" placeholder=\"Domiciliacio\u0301n bancaria\" value=\"\" type=\"text\" name=\"domicilacion_bancaria\" \/><\/span>\n\t\t<\/p>\n\t\t<p><span class=\"wpcf7-form-control-wrap\" data-name=\"farmaceutico_sol\"><input size=\"40\" class=\"wpcf7-form-control wpcf7-text wpcf7-validates-as-required form-control fullname\" aria-required=\"true\" aria-invalid=\"false\" placeholder=\"* Farmac\u00e9utico solicitante\" value=\"\" type=\"text\" name=\"farmaceutico_sol\" \/><\/span>\n\t\t<\/p>\n\t\t<p><span class=\"wpcf7-form-control-wrap\" data-name=\"num_colegiado\"><input size=\"40\" class=\"wpcf7-form-control wpcf7-text wpcf7-validates-as-required form-control fullname\" aria-required=\"true\" aria-invalid=\"false\" placeholder=\"* N\u00famero de colegiado\" value=\"\" type=\"text\" name=\"num_colegiado\" \/><\/span>\n\t\t<\/p>\n\t\t<p><span class=\"wpcf7-form-control-wrap\" data-name=\"direccion\"><input size=\"40\" class=\"wpcf7-form-control wpcf7-text wpcf7-validates-as-required form-control fullname\" aria-required=\"true\" aria-invalid=\"false\" placeholder=\"* Direcci\u00f3n\" value=\"\" type=\"text\" name=\"direccion\" \/><\/span>\n\t\t<\/p>\n\t\t<p><span class=\"wpcf7-form-control-wrap\" data-name=\"cp_poblacion\"><input size=\"40\" class=\"wpcf7-form-control wpcf7-text wpcf7-validates-as-required form-control fullname\" aria-required=\"true\" aria-invalid=\"false\" placeholder=\"* C\u00f3digo postal y poblacio\u0301n\" value=\"\" type=\"text\" name=\"cp_poblacion\" \/><\/span>\n\t\t<\/p>\n\t\t<p style=\"display:inline-table; width:45%;\"><span class=\"wpcf7-form-control-wrap\" data-name=\"telefono\"><input size=\"40\" class=\"wpcf7-form-control wpcf7-text wpcf7-validates-as-required form-control fullname\" aria-required=\"true\" aria-invalid=\"false\" placeholder=\"* Tel\u00e9fono\" value=\"\" type=\"text\" name=\"telefono\" \/><\/span>\n\t\t<\/p>\n\t\t<p style=\"display:inline-table; width:45%;\"><span class=\"wpcf7-form-control-wrap\" data-name=\"fax\"><input size=\"40\" class=\"wpcf7-form-control wpcf7-text form-control fullname\" aria-invalid=\"false\" placeholder=\"Fax\" value=\"\" type=\"text\" name=\"fax\" \/><\/span>\n\t\t<\/p>\n\t\t<p><span class=\"wpcf7-form-control-wrap\" data-name=\"email\"><input size=\"40\" class=\"wpcf7-form-control wpcf7-email wpcf7-validates-as-required wpcf7-text wpcf7-validates-as-email form-control fullname\" aria-required=\"true\" aria-invalid=\"false\" placeholder=\"* Email\" value=\"\" type=\"email\" name=\"email\" \/><\/span>\n\t\t<\/p>\n\t\t<p style=\"border:1px solid #e0dede; margin-top:10px; padding:30px; background-color:#fbfbfb; margin-bottom:10px;\">Pedido original:<br \/>\n<span class=\"wpcf7-form-control-wrap\" data-name=\"file-57\"><input size=\"40\" class=\"wpcf7-form-control wpcf7-file wpcf7-validates-as-required\" accept=\".pdf,.jpg,.jpeg,.png\" aria-required=\"true\" aria-invalid=\"false\" type=\"file\" name=\"file-57\" \/><\/span>\n\t\t<\/p>\n\t<\/div>\n\t<div class=\"form-group  col-sm-6 col-xs-12\">\n\t\t<p><b>DATOS IMPRESCINDIBLES DE LA RECETA (Sin los cuales no se podr\u00e1\u2000 elaborar la formulaci\u00f3n)<\/b>\n\t\t<\/p>\n\t\t<div style=\"border:1px solid #e0dede; margin-top:10px; padding:30px; background-color:#fbfbfb; margin-bottom:10px;\">\n\t\t\t<p><span class=\"wpcf7-form-control-wrap\" data-name=\"nom_paciente\"><input size=\"40\" class=\"wpcf7-form-control wpcf7-text wpcf7-validates-as-required form-control fullname\" aria-required=\"true\" aria-invalid=\"false\" placeholder=\"* Nombre y apellidos del paciente\" value=\"\" type=\"text\" name=\"nom_paciente\" \/><\/span>\n\t\t\t<\/p>\n\t\t\t<p><span class=\"wpcf7-form-control-wrap\" data-name=\"year_nacimiento\"><input size=\"40\" class=\"wpcf7-form-control wpcf7-text wpcf7-validates-as-required form-control fullname\" aria-required=\"true\" aria-invalid=\"false\" placeholder=\"* A\u00f1o de nacimiento del paciente\" value=\"\" type=\"text\" name=\"year_nacimiento\" \/><\/span>\n\t\t\t<\/p>\n\t\t\t<p>* Documento identificativo del paciente (Recetas SOE indicar s\u00f3lo el CIP):\n\t\t\t<\/p>\n\t\t\t<p style=\"display:inline-table; width:45%;\"><span class=\"wpcf7-form-control-wrap\" data-name=\"tipo_doc\"><select class=\"wpcf7-form-control wpcf7-select wpcf7-validates-as-required\" aria-required=\"true\" aria-invalid=\"false\" name=\"tipo_doc\"><option value=\"DNI\">DNI<\/option><option value=\"CIP\">CIP<\/option><option value=\"PASAPORTE\">PASAPORTE<\/option><option value=\"DOCUMENTO ESTRANJERIA\">DOCUMENTO ESTRANJERIA<\/option><\/select><\/span>\n\t\t\t<\/p>\n\t\t\t<p class=\"p_form_pt3\" style=\"display:inline-table; width:45%;\"><span class=\"wpcf7-form-control-wrap\" data-name=\"num_doc\"><input size=\"40\" class=\"wpcf7-form-control wpcf7-text wpcf7-validates-as-required form-control fullname\" aria-required=\"true\" aria-invalid=\"false\" placeholder=\"* Num.Documento\" value=\"\" type=\"text\" name=\"num_doc\" \/><\/span>\n\t\t\t<\/p>\n\t\t\t<p><span class=\"wpcf7-form-control-wrap\" data-name=\"info_medico\"><input size=\"40\" class=\"wpcf7-form-control wpcf7-text wpcf7-validates-as-required form-control fullname\" aria-required=\"true\" aria-invalid=\"false\" placeholder=\"* Nombre y apellidos del m\u00e9dico\" value=\"\" type=\"text\" name=\"info_medico\" \/><\/span>\n\t\t\t<\/p>\n\t\t\t<p><span class=\"wpcf7-form-control-wrap\" data-name=\"num_colegiado_medico\"><input size=\"40\" class=\"wpcf7-form-control wpcf7-text wpcf7-validates-as-required form-control fullname\" aria-required=\"true\" aria-invalid=\"false\" placeholder=\"* Numero de colegiado\" value=\"\" type=\"text\" name=\"num_colegiado_medico\" \/><\/span>\n\t\t\t<\/p>\n\t\t\t<p><span class=\"wpcf7-form-control-wrap\" data-name=\"fecha_encargo\"><input size=\"40\" class=\"wpcf7-form-control wpcf7-text wpcf7-validates-as-required form-control fullname\" aria-required=\"true\" aria-invalid=\"false\" placeholder=\"* Fecha del encargo\" value=\"\" type=\"text\" name=\"fecha_encargo\" \/><\/span>\n\t\t\t<\/p>\n\t\t\t<p> N\u00famero del Registro de F\u00f3rmulas Magistrales o preparados oficinales encargados\n\t\t\t<\/p>\n\t\t\t<p><span class=\"wpcf7-form-control-wrap\" data-name=\"num_registro\"><input size=\"40\" class=\"wpcf7-form-control wpcf7-text form-control fullname\" aria-invalid=\"false\" value=\"\" type=\"text\" name=\"num_registro\" \/><\/span>\n\t\t\t<\/p>\n\t\t<\/div>\n\t\t<p>* Forma de env\u00edo:\n\t\t<\/p>\n\t\t<p><span class=\"wpcf7-form-control-wrap\" data-name=\"forma_envio\"><select class=\"wpcf7-form-control wpcf7-select\" aria-invalid=\"false\" name=\"forma_envio\"><option value=\"Mensajer\u00eda (a su cargo)\">Mensajer\u00eda (a su cargo)<\/option><option value=\"Personalmente\">Personalmente<\/option><option value=\"Mayorista\">Mayorista<\/option><\/select><\/span>\n\t\t<\/p>\n\t\t<p>Indicar el Mayorista en caso necesario:<span class=\"wpcf7-form-control-wrap\" data-name=\"nom_mayorista\"><select class=\"wpcf7-form-control wpcf7-select wpcf7-validates-as-required\" aria-required=\"true\" aria-invalid=\"false\" name=\"nom_mayorista\"><option value=\"\"><\/option><option value=\"Federaci\u00f3n Farmac\u00e9utica\">Federaci\u00f3n Farmac\u00e9utica<\/option><option value=\"ALLIANCE\">ALLIANCE<\/option><option value=\"HEFAME\">HEFAME<\/option><\/select><\/span>\n\t\t<\/p>\n\t\t<p>Indicar la ruta del Mayorista en caso de \"Federaci\u00f3n Farmac\u00e9utica\" o \"ALLIANCE\"<br \/>\n<span class=\"wpcf7-form-control-wrap\" data-name=\"ruta_mayorista\"><input size=\"40\" class=\"wpcf7-form-control wpcf7-text form-control fullname\" aria-invalid=\"false\" value=\"\" type=\"text\" name=\"ruta_mayorista\" \/><\/span>\n\t\t<\/p>\n\t\t<p><span class=\"wpcf7-form-control-wrap\" data-name=\"descripcion_formula\"><textarea cols=\"40\" rows=\"10\" class=\"wpcf7-form-control wpcf7-textarea wpcf7-validates-as-required form-control fullname\" aria-required=\"true\" aria-invalid=\"false\" placeholder=\"* DESCRIPCIO\u0301N DE LA FO\u0301RMULA\" name=\"descripcion_formula\"><\/textarea><\/span>\n\t\t<\/p>\n\t<\/div>\n\t<div class=\"form-group  col-sm-12 col-xs-12\">\n\t\t<p>* Campos Obligatorios\n\t\t<\/p>\n\t<\/div>\n\t<div class=\"form-group  col-sm-12 col-xs-12\" style=\"border:1px solid #e0dede; margin-top:10px; padding:30px; background-color:#fbfbfb; margin-bottom:10px;\">\n\t\t<p><span class=\"wpcf7-form-control-wrap\" data-name=\"acceptance-475\"><span class=\"wpcf7-form-control wpcf7-acceptance\"><span class=\"wpcf7-list-item\"><input type=\"checkbox\" name=\"acceptance-475\" value=\"1\" aria-invalid=\"false\" \/><\/span><\/span><\/span> He le\u00eddo y acepto la <a href=\"https:\/\/farmaciacarreras.es\/es\/politica-de-privacidad\/\" target=\"_blank\" style=\"text-decoration:underline;\">Pol\u00edtica de privacidad<\/a>\n\t\t<\/p>\n\t\t<p style=\"font-size:11px;line-height: 12px;text-align: justify;\"><br \/>\nConforme a lo dispuesto en el Reglamento General de Protecci\u00f3n de Datos (Reglamento UE 2016\/679), usted autoriza al Dr. Miquel Carreras Coma, farmac\u00e9utico\/a titular de la oficina de farmacia n\u00famero 0645 situada en C\/ Hospital 14, 08001 Barcelona, a tratar sus datos personales que ha facilitado previamente con la finalidad de prestar los servicios de atenci\u00f3n farmac\u00e9utica. Sus datos ser\u00e1n cancelados cuando finalice la prestaci\u00f3n del servicio, en cuyo caso se conservar\u00e1n durante tres a\u00f1os para su destrucci\u00f3n o hasta el momento en que se solicite la supresi\u00f3n.<br \/>\nEl titular de la oficina de farmacia est\u00e1 legitimado para tratar los datos, por el consentimiento del interesado y conforme establece el art\u00edculo 2 de la Ley 31\/1991 de 13 de diciembre de Ordenaci\u00f3 Farmac\u00e8utica de Catalunya, en cuanto a sus competencias profesionales para prestar el servicio que se le ofrece.<br \/>\nSe le informa de que sus datos no ser\u00e1n cedidos a terceros, salvo cuando el titular de la oficina de farmacia se vea obligado por imperativo legal, o en el supuesto previsto por la legislaci\u00f3n vigente en cada momento. Tampoco existe la previsi\u00f3n de hacer transferencias internacionales con sus datos.<br \/>\nSe le informa que puede ejercer sus derechos de acceso, rectificaci\u00f3n, supresi\u00f3n, portabilidad y la limitaci\u00f3n u oposici\u00f3n a su tratamiento, para ello deber\u00e1 dirigir un escrito ante Dr. Miquel Carreras Coma, titular de la oficina de farmacia a la direcci\u00f3n arriba indicada o por correo electr\u00f3nico a la direcci\u00f3n: farmaciacarreras@farmaciacarreras.es<br \/>\nSe le informa que puede presentar una reclamaci\u00f3n ante la Agencia Espa\u00f1ola de Protecci\u00f3n de Datos.\n\t\t<\/p>\n\t<\/div>\n\t<p><input class=\"wpcf7-form-control wpcf7-submit has-spinner\" type=\"submit\" value=\"Enviar\" \/>\n\t<\/p>\n<\/div><div class=\"fusion-alert alert custom alert-custom fusion-alert-center wpcf7-response-output alert-dismissable\" style=\"border-width:1px;\"><button type=\"button\" class=\"close toggle-alert\" data-dismiss=\"alert\" aria-hidden=\"true\">&times;<\/button><div class=\"fusion-alert-content-wrapper\"><span class=\"fusion-alert-content\"><\/span><\/div><\/div>\n<\/form>\n<\/div>\n\n<\/div><div class=\"fusion-clearfix\"><\/div><\/div><\/div><\/div><\/div><\/p>\n","protected":false},"excerpt":{"rendered":"","protected":false},"author":1,"featured_media":0,"parent":997,"menu_order":0,"comment_status":"closed","ping_status":"closed","template":"","meta":{"footnotes":""},"yoast_head":"<!-- This site is optimized with the Yoast SEO plugin v21.0 - https:\/\/yoast.com\/wordpress\/plugins\/seo\/ -->\n<title>F\u00f3rmulas Magistrales\u00a0EST\u00c9RILES para FARMACIA - Farmacia Dr.Carreras<\/title>\n<meta name=\"robots\" content=\"index, follow, max-snippet:-1, max-image-preview:large, max-video-preview:-1\" \/>\n<link rel=\"canonical\" href=\"https:\/\/farmaciacarreras.es\/es\/farmacia\/formulas-magistrales-esteriles-para-farmacia\/\" \/>\n<meta property=\"og:locale\" content=\"es_ES\" \/>\n<meta property=\"og:type\" content=\"article\" \/>\n<meta property=\"og:title\" content=\"F\u00f3rmulas Magistrales\u00a0EST\u00c9RILES para FARMACIA - Farmacia Dr.Carreras\" \/>\n<meta property=\"og:url\" content=\"https:\/\/farmaciacarreras.es\/es\/farmacia\/formulas-magistrales-esteriles-para-farmacia\/\" \/>\n<meta property=\"og:site_name\" content=\"Farmacia Dr.Carreras\" \/>\n<meta property=\"article:modified_time\" content=\"2025-08-25T08:21:24+00:00\" \/>\n<meta name=\"twitter:card\" content=\"summary_large_image\" \/>\n<meta name=\"twitter:label1\" content=\"Tiempo de lectura\" \/>\n\t<meta name=\"twitter:data1\" content=\"8 minutos\" \/>\n<script type=\"application\/ld+json\" class=\"yoast-schema-graph\">{\"@context\":\"https:\/\/schema.org\",\"@graph\":[{\"@type\":\"WebPage\",\"@id\":\"https:\/\/farmaciacarreras.es\/es\/farmacia\/formulas-magistrales-esteriles-para-farmacia\/\",\"url\":\"https:\/\/farmaciacarreras.es\/es\/farmacia\/formulas-magistrales-esteriles-para-farmacia\/\",\"name\":\"F\u00f3rmulas Magistrales\u00a0EST\u00c9RILES para FARMACIA - Farmacia Dr.Carreras\",\"isPartOf\":{\"@id\":\"https:\/\/farmaciacarreras.es\/es\/#website\"},\"datePublished\":\"2018-10-09T18:05:14+00:00\",\"dateModified\":\"2025-08-25T08:21:24+00:00\",\"breadcrumb\":{\"@id\":\"https:\/\/farmaciacarreras.es\/es\/farmacia\/formulas-magistrales-esteriles-para-farmacia\/#breadcrumb\"},\"inLanguage\":\"es\",\"potentialAction\":[{\"@type\":\"ReadAction\",\"target\":[\"https:\/\/farmaciacarreras.es\/es\/farmacia\/formulas-magistrales-esteriles-para-farmacia\/\"]}]},{\"@type\":\"BreadcrumbList\",\"@id\":\"https:\/\/farmaciacarreras.es\/es\/farmacia\/formulas-magistrales-esteriles-para-farmacia\/#breadcrumb\",\"itemListElement\":[{\"@type\":\"ListItem\",\"position\":1,\"name\":\"Portada\",\"item\":\"https:\/\/farmaciacarreras.es\/es\/\"},{\"@type\":\"ListItem\",\"position\":2,\"name\":\"Farmacia\",\"item\":\"https:\/\/farmaciacarreras.es\/es\/farmacia\/\"},{\"@type\":\"ListItem\",\"position\":3,\"name\":\"F\u00f3rmulas Magistrales\u00a0EST\u00c9RILES para FARMACIA\"}]},{\"@type\":\"WebSite\",\"@id\":\"https:\/\/farmaciacarreras.es\/es\/#website\",\"url\":\"https:\/\/farmaciacarreras.es\/es\/\",\"name\":\"Farmacia Dr.Carreras\",\"description\":\"FARMACIA DR. CARRERAS. Elaboraci\u00f3n y control de medicamentos. Tel 93 318 70 99 Fax 93 412 32 32. Carrer Hospital, 14 - 08001 Barcelona.\",\"publisher\":{\"@id\":\"https:\/\/farmaciacarreras.es\/es\/#organization\"},\"potentialAction\":[{\"@type\":\"SearchAction\",\"target\":{\"@type\":\"EntryPoint\",\"urlTemplate\":\"https:\/\/farmaciacarreras.es\/es\/?s={search_term_string}\"},\"query-input\":\"required name=search_term_string\"}],\"inLanguage\":\"es\"},{\"@type\":\"Organization\",\"@id\":\"https:\/\/farmaciacarreras.es\/es\/#organization\",\"name\":\"Farmacia Dr. Carreras\",\"url\":\"https:\/\/farmaciacarreras.es\/es\/\",\"logo\":{\"@type\":\"ImageObject\",\"inLanguage\":\"es\",\"@id\":\"https:\/\/farmaciacarreras.es\/es\/#\/schema\/logo\/image\/\",\"url\":\"https:\/\/farmaciacarreras.es\/wp-content\/uploads\/2015\/12\/LOGO-Texto-Home.jpg\",\"contentUrl\":\"https:\/\/farmaciacarreras.es\/wp-content\/uploads\/2015\/12\/LOGO-Texto-Home.jpg\",\"width\":120,\"height\":138,\"caption\":\"Farmacia Dr. Carreras\"},\"image\":{\"@id\":\"https:\/\/farmaciacarreras.es\/es\/#\/schema\/logo\/image\/\"}}]}<\/script>\n<!-- \/ Yoast SEO plugin. -->","yoast_head_json":{"title":"F\u00f3rmulas Magistrales\u00a0EST\u00c9RILES para FARMACIA - Farmacia Dr.Carreras","robots":{"index":"index","follow":"follow","max-snippet":"max-snippet:-1","max-image-preview":"max-image-preview:large","max-video-preview":"max-video-preview:-1"},"canonical":"https:\/\/farmaciacarreras.es\/es\/farmacia\/formulas-magistrales-esteriles-para-farmacia\/","og_locale":"es_ES","og_type":"article","og_title":"F\u00f3rmulas Magistrales\u00a0EST\u00c9RILES para FARMACIA - Farmacia Dr.Carreras","og_url":"https:\/\/farmaciacarreras.es\/es\/farmacia\/formulas-magistrales-esteriles-para-farmacia\/","og_site_name":"Farmacia Dr.Carreras","article_modified_time":"2025-08-25T08:21:24+00:00","twitter_card":"summary_large_image","twitter_misc":{"Tiempo de lectura":"8 minutos"},"schema":{"@context":"https:\/\/schema.org","@graph":[{"@type":"WebPage","@id":"https:\/\/farmaciacarreras.es\/es\/farmacia\/formulas-magistrales-esteriles-para-farmacia\/","url":"https:\/\/farmaciacarreras.es\/es\/farmacia\/formulas-magistrales-esteriles-para-farmacia\/","name":"F\u00f3rmulas Magistrales\u00a0EST\u00c9RILES para FARMACIA - Farmacia Dr.Carreras","isPartOf":{"@id":"https:\/\/farmaciacarreras.es\/es\/#website"},"datePublished":"2018-10-09T18:05:14+00:00","dateModified":"2025-08-25T08:21:24+00:00","breadcrumb":{"@id":"https:\/\/farmaciacarreras.es\/es\/farmacia\/formulas-magistrales-esteriles-para-farmacia\/#breadcrumb"},"inLanguage":"es","potentialAction":[{"@type":"ReadAction","target":["https:\/\/farmaciacarreras.es\/es\/farmacia\/formulas-magistrales-esteriles-para-farmacia\/"]}]},{"@type":"BreadcrumbList","@id":"https:\/\/farmaciacarreras.es\/es\/farmacia\/formulas-magistrales-esteriles-para-farmacia\/#breadcrumb","itemListElement":[{"@type":"ListItem","position":1,"name":"Portada","item":"https:\/\/farmaciacarreras.es\/es\/"},{"@type":"ListItem","position":2,"name":"Farmacia","item":"https:\/\/farmaciacarreras.es\/es\/farmacia\/"},{"@type":"ListItem","position":3,"name":"F\u00f3rmulas Magistrales\u00a0EST\u00c9RILES para FARMACIA"}]},{"@type":"WebSite","@id":"https:\/\/farmaciacarreras.es\/es\/#website","url":"https:\/\/farmaciacarreras.es\/es\/","name":"Farmacia Dr.Carreras","description":"FARMACIA DR. CARRERAS. Elaboraci\u00f3n y control de medicamentos. Tel 93 318 70 99 Fax 93 412 32 32. Carrer Hospital, 14 - 08001 Barcelona.","publisher":{"@id":"https:\/\/farmaciacarreras.es\/es\/#organization"},"potentialAction":[{"@type":"SearchAction","target":{"@type":"EntryPoint","urlTemplate":"https:\/\/farmaciacarreras.es\/es\/?s={search_term_string}"},"query-input":"required name=search_term_string"}],"inLanguage":"es"},{"@type":"Organization","@id":"https:\/\/farmaciacarreras.es\/es\/#organization","name":"Farmacia Dr. Carreras","url":"https:\/\/farmaciacarreras.es\/es\/","logo":{"@type":"ImageObject","inLanguage":"es","@id":"https:\/\/farmaciacarreras.es\/es\/#\/schema\/logo\/image\/","url":"https:\/\/farmaciacarreras.es\/wp-content\/uploads\/2015\/12\/LOGO-Texto-Home.jpg","contentUrl":"https:\/\/farmaciacarreras.es\/wp-content\/uploads\/2015\/12\/LOGO-Texto-Home.jpg","width":120,"height":138,"caption":"Farmacia Dr. Carreras"},"image":{"@id":"https:\/\/farmaciacarreras.es\/es\/#\/schema\/logo\/image\/"}}]}},"_links":{"self":[{"href":"https:\/\/farmaciacarreras.es\/es\/wp-json\/wp\/v2\/pages\/1037"}],"collection":[{"href":"https:\/\/farmaciacarreras.es\/es\/wp-json\/wp\/v2\/pages"}],"about":[{"href":"https:\/\/farmaciacarreras.es\/es\/wp-json\/wp\/v2\/types\/page"}],"author":[{"embeddable":true,"href":"https:\/\/farmaciacarreras.es\/es\/wp-json\/wp\/v2\/users\/1"}],"replies":[{"embeddable":true,"href":"https:\/\/farmaciacarreras.es\/es\/wp-json\/wp\/v2\/comments?post=1037"}],"version-history":[{"count":21,"href":"https:\/\/farmaciacarreras.es\/es\/wp-json\/wp\/v2\/pages\/1037\/revisions"}],"predecessor-version":[{"id":1829,"href":"https:\/\/farmaciacarreras.es\/es\/wp-json\/wp\/v2\/pages\/1037\/revisions\/1829"}],"up":[{"embeddable":true,"href":"https:\/\/farmaciacarreras.es\/es\/wp-json\/wp\/v2\/pages\/997"}],"wp:attachment":[{"href":"https:\/\/farmaciacarreras.es\/es\/wp-json\/wp\/v2\/media?parent=1037"}],"curies":[{"name":"wp","href":"https:\/\/api.w.org\/{rel}","templated":true}]}}