{"id":1244,"date":"2021-06-18T15:41:40","date_gmt":"2021-06-18T15:41:40","guid":{"rendered":"https:\/\/farmaciacarreras.es\/?page_id=1244"},"modified":"2021-06-23T06:04:03","modified_gmt":"2021-06-23T06:04:03","slug":"el-laboratorio","status":"publish","type":"page","link":"https:\/\/farmaciacarreras.es\/es\/el-laboratorio\/","title":{"rendered":"El laboratorio"},"content":{"rendered":"<p><div class=\"fusion-fullwidth fullwidth-box fusion-builder-row-1 nonhundred-percent-fullwidth non-hundred-percent-height-scrolling\" style=\"background-color: rgba(255,255,255,0);background-position: center center;background-repeat: no-repeat;padding-top:2%;padding-right:0px;padding-bottom:2%;padding-left:0px;margin-bottom: 0px;margin-top: 0px;border-width: 0px 0px 0px 0px;border-color:#eae9e9;border-style:solid;\" ><div class=\"fusion-builder-row fusion-row\"><div class=\"fusion-layout-column fusion_builder_column fusion-builder-column-0 fusion_builder_column_1_1 1_1 fusion-one-full fusion-column-first fusion-column-last\" style=\"margin-top:0px;margin-bottom:0px;\"><div class=\"fusion-column-wrapper fusion-flex-column-wrapper-legacy\" style=\"background-position:left top;background-repeat:no-repeat;-webkit-background-size:cover;-moz-background-size:cover;-o-background-size:cover;background-size:cover;padding: 0px 0px 0px 0px;\"><div class=\"fusion-text fusion-text-1\"><h3 class=\"fusion-responsive-typography-calculated\" style=\"--fontsize: 20; line-height: 1.5; --minfontsize: 20;\" data-fontsize=\"20\" data-lineheight=\"30px\">El laboratorio de elaboraci\u00f3n de formulaciones magistrales est\u00e1 constituido por tres \u00e1reas diferentes:<\/h3>\n<\/div><div class=\"fusion-clearfix\"><\/div><\/div><\/div><\/div><\/div><div class=\"fusion-fullwidth fullwidth-box fusion-builder-row-2 fusion-flex-container nonhundred-percent-fullwidth non-hundred-percent-height-scrolling\" style=\"background-color: #f4f5f9;background-position: center center;background-repeat: no-repeat;border-width: 0px 0px 0px 0px;border-color:#eae9e9;border-style:solid;\" ><div class=\"fusion-builder-row fusion-row fusion-flex-align-items-flex-start\" style=\"max-width:1216.8px;margin-left: calc(-4% \/ 2 );margin-right: calc(-4% \/ 2 );\"><div class=\"fusion-layout-column fusion_builder_column fusion-builder-column-1 fusion_builder_column_1_3 1_3 fusion-flex-column\"><div class=\"fusion-column-wrapper fusion-flex-justify-content-flex-start fusion-content-layout-column\" style=\"background-position:left top;background-repeat:no-repeat;-webkit-background-size:cover;-moz-background-size:cover;-o-background-size:cover;background-size:cover;padding: 0px 0px 0px 0px;\"><div class=\"fusion-text fusion-text-2\"><h3 class=\"fusion-responsive-typography-calculated\" style=\"--fontsize: 20; line-height: 1.5; --minfontsize: 20;\" data-fontsize=\"20\" data-lineheight=\"30px\">Control de calidad<\/h3>\n<\/div><div class=\"fusion-text fusion-text-3\"><p>Su misi\u00f3n es la adquisici\u00f3n y control de materias primas y materiales que cumplan con los requisitos y especificaciones para la elaboraci\u00f3n de cada tipo de formulaci\u00f3n magistral que se prepara en la farmacia, as\u00ed como el control de los productos preparados que lo requieren. Ello incluye tambi\u00e9n el control microbiol\u00f3gico y de endotoxinas bacterianas de productos est\u00e9riles y del agua que se utiliza para la elaboraci\u00f3n de las formulaciones magistrales para asegurar que cumple, en cada caso, con las exigencias marcadas por la farmacopea.<\/p>\n<\/div><\/div><style type=\"text\/css\">.fusion-body .fusion-builder-column-1{width:33.333333333333% !important;margin-top : 0px;margin-bottom : 30px;}.fusion-builder-column-1 > .fusion-column-wrapper {padding-top : 0px !important;padding-right : 0px !important;margin-right : 5.76%;padding-bottom : 0px !important;padding-left : 0px !important;margin-left : 5.76%;}@media only screen and (max-width:1024px) {.fusion-body .fusion-builder-column-1{width:100% !important;order : 0;}.fusion-builder-column-1 > .fusion-column-wrapper {margin-right : 1.92%;margin-left : 1.92%;}}@media only screen and (max-width:640px) {.fusion-body .fusion-builder-column-1{width:100% !important;order : 0;}.fusion-builder-column-1 > .fusion-column-wrapper {margin-right : 1.92%;margin-left : 1.92%;}}<\/style><\/div><div class=\"fusion-layout-column fusion_builder_column fusion-builder-column-2 fusion_builder_column_1_3 1_3 fusion-flex-column\"><div class=\"fusion-column-wrapper fusion-flex-justify-content-flex-start fusion-content-layout-column\" style=\"background-position:left top;background-repeat:no-repeat;-webkit-background-size:cover;-moz-background-size:cover;-o-background-size:cover;background-size:cover;padding: 0px 0px 0px 0px;\"><div class=\"fusion-text fusion-text-4\"><h3 class=\"fusion-responsive-typography-calculated\" style=\"--fontsize: 20; line-height: 1.5; --minfontsize: 20;\" data-fontsize=\"20\" data-lineheight=\"30px\">Elaboraci\u00f3n de formulaciones magistrales no est\u00e9riles<\/h3>\n<\/div><div class=\"fusion-text fusion-text-5\"><p>En este departamento se eval\u00faa la idoneidad de las prescripciones no est\u00e9riles recibidas y su ajuste a la legislaci\u00f3n vigente. Se elaboran c\u00e1psulas, comprimidos, emulsiones, pomadas, soluciones, supositorios, \u00f3vulos, etc. y se controla su correcta elaboraci\u00f3n por el personal farmac\u00e9utico que forma parte de esta \u00e1rea.<\/p>\n<\/div><\/div><style type=\"text\/css\">.fusion-body .fusion-builder-column-2{width:33.333333333333% !important;margin-top : 0px;margin-bottom : 30px;}.fusion-builder-column-2 > .fusion-column-wrapper {padding-top : 0px !important;padding-right : 0px !important;margin-right : 5.76%;padding-bottom : 0px !important;padding-left : 0px !important;margin-left : 5.76%;}@media only screen and (max-width:1024px) {.fusion-body .fusion-builder-column-2{width:100% !important;order : 0;}.fusion-builder-column-2 > .fusion-column-wrapper {margin-right : 1.92%;margin-left : 1.92%;}}@media only screen and (max-width:640px) {.fusion-body .fusion-builder-column-2{width:100% !important;order : 0;}.fusion-builder-column-2 > .fusion-column-wrapper {margin-right : 1.92%;margin-left : 1.92%;}}<\/style><\/div><div class=\"fusion-layout-column fusion_builder_column fusion-builder-column-3 fusion_builder_column_1_3 1_3 fusion-flex-column\"><div class=\"fusion-column-wrapper fusion-flex-justify-content-flex-start fusion-content-layout-column\" style=\"background-position:left top;background-repeat:no-repeat;-webkit-background-size:cover;-moz-background-size:cover;-o-background-size:cover;background-size:cover;padding: 0px 0px 0px 0px;\"><div class=\"fusion-text fusion-text-6\"><h3 class=\"fusion-responsive-typography-calculated\" style=\"--fontsize: 20; line-height: 1.5; --minfontsize: 20;\" data-fontsize=\"20\" data-lineheight=\"30px\">Elaboraci\u00f3n de formulaciones magistrales est\u00e9riles<\/h3>\n<\/div><div class=\"fusion-text fusion-text-7\"><p><span style=\"font-weight: 400;\">En este departamento se eval\u00faa la idoneidad de las prescripciones est\u00e9riles recibidas y su ajuste a la legislaci\u00f3n vigente, resolviendo las dudas que, frecuentemente, los\u00a0 prescriptores u otros farmac\u00e9uticos puedan plantear en torno a la viabilidad de la preparaci\u00f3n de las formulaciones. Se elaboran productos est\u00e9riles como colirios, pomadas oft\u00e1lmicas, soluciones, suspensiones, liofilizados, geles, etc. y se controla su correcta elaboraci\u00f3n por el personal farmac\u00e9utico que forma parte de esta \u00e1rea realizando los controles en proceso necesarios. Todos los productos est\u00e9riles pasan un control f\u00edsico-qu\u00edmico, microbiol\u00f3gico, visual (para garantizar la ausencia de part\u00edculas en todas las unidades de las soluciones envasadas) y, en los casos que lo requieran, control de endotoxinas.<\/span><\/p>\n<\/div><\/div><style type=\"text\/css\">.fusion-body .fusion-builder-column-3{width:33.333333333333% !important;margin-top : 0px;margin-bottom : 30px;}.fusion-builder-column-3 > .fusion-column-wrapper {padding-top : 0px !important;padding-right : 0px !important;margin-right : 5.76%;padding-bottom : 0px !important;padding-left : 0px !important;margin-left : 5.76%;}@media only screen and (max-width:1024px) {.fusion-body .fusion-builder-column-3{width:100% !important;order : 0;}.fusion-builder-column-3 > .fusion-column-wrapper {margin-right : 1.92%;margin-left : 1.92%;}}@media only screen and (max-width:640px) {.fusion-body .fusion-builder-column-3{width:100% !important;order : 0;}.fusion-builder-column-3 > .fusion-column-wrapper {margin-right : 1.92%;margin-left : 1.92%;}}<\/style><\/div><div class=\"fusion-layout-column fusion_builder_column fusion-builder-column-4 fusion_builder_column_1_1 1_1 fusion-flex-column\"><div class=\"fusion-column-wrapper fusion-flex-justify-content-flex-start fusion-content-layout-column\" style=\"background-position:left top;background-repeat:no-repeat;-webkit-background-size:cover;-moz-background-size:cover;-o-background-size:cover;background-size:cover;padding: 0px 0px 0px 0px;\"><style type=\"text\/css\">.fusion-gallery-1 .fusion-gallery-image {border:0px solid #e2e2e2;}<\/style><div class=\"fusion-gallery fusion-gallery-container fusion-grid-3 fusion-columns-total-6 fusion-gallery-layout-grid fusion-gallery-1\" style=\"margin:0px;\"><div style=\"padding:0px;\" class=\"fusion-grid-column fusion-gallery-column fusion-gallery-column-3 hover-type-none\"><div class=\"fusion-gallery-image\"><a href=\"https:\/\/farmaciacarreras.es\/wp-content\/uploads\/2021\/06\/lab1-min.jpg\" rel=\"noreferrer\" data-rel=\"iLightbox[gallery_image_1]\" class=\"fusion-lightbox\" target=\"_self\"><img decoding=\"async\" src=\"https:\/\/farmaciacarreras.es\/wp-content\/uploads\/2021\/06\/lab1-min.jpg\" width=\"2000\" height=\"1500\" alt=\"\" title=\"lab1-min\" aria-label=\"lab1-min\" class=\"img-responsive wp-image-1224\" srcset=\"https:\/\/farmaciacarreras.es\/wp-content\/uploads\/2021\/06\/lab1-min-200x150.jpg 200w, https:\/\/farmaciacarreras.es\/wp-content\/uploads\/2021\/06\/lab1-min-400x300.jpg 400w, https:\/\/farmaciacarreras.es\/wp-content\/uploads\/2021\/06\/lab1-min-600x450.jpg 600w, https:\/\/farmaciacarreras.es\/wp-content\/uploads\/2021\/06\/lab1-min-800x600.jpg 800w, https:\/\/farmaciacarreras.es\/wp-content\/uploads\/2021\/06\/lab1-min-1200x900.jpg 1200w, https:\/\/farmaciacarreras.es\/wp-content\/uploads\/2021\/06\/lab1-min.jpg 2000w\" sizes=\"(min-width: 2200px) 100vw, (min-width: 824px) 390px, (min-width: 732px) 585px, (min-width: 640px) 732px, \" \/><\/a><\/div><\/div><div style=\"padding:0px;\" class=\"fusion-grid-column fusion-gallery-column fusion-gallery-column-3 hover-type-none\"><div class=\"fusion-gallery-image\"><a href=\"https:\/\/farmaciacarreras.es\/wp-content\/uploads\/2021\/06\/lab8-min.jpg\" rel=\"noreferrer\" data-rel=\"iLightbox[gallery_image_1]\" class=\"fusion-lightbox\" target=\"_self\"><img decoding=\"async\" src=\"https:\/\/farmaciacarreras.es\/wp-content\/uploads\/2021\/06\/lab8-min.jpg\" width=\"2000\" height=\"1500\" alt=\"\" title=\"lab8-min\" aria-label=\"lab8-min\" class=\"img-responsive wp-image-1230\" srcset=\"https:\/\/farmaciacarreras.es\/wp-content\/uploads\/2021\/06\/lab8-min-200x150.jpg 200w, https:\/\/farmaciacarreras.es\/wp-content\/uploads\/2021\/06\/lab8-min-400x300.jpg 400w, https:\/\/farmaciacarreras.es\/wp-content\/uploads\/2021\/06\/lab8-min-600x450.jpg 600w, https:\/\/farmaciacarreras.es\/wp-content\/uploads\/2021\/06\/lab8-min-800x600.jpg 800w, https:\/\/farmaciacarreras.es\/wp-content\/uploads\/2021\/06\/lab8-min-1200x900.jpg 1200w, https:\/\/farmaciacarreras.es\/wp-content\/uploads\/2021\/06\/lab8-min.jpg 2000w\" sizes=\"(min-width: 2200px) 100vw, (min-width: 824px) 390px, (min-width: 732px) 585px, (min-width: 640px) 732px, \" \/><\/a><\/div><\/div><div style=\"padding:0px;\" class=\"fusion-grid-column fusion-gallery-column fusion-gallery-column-3 hover-type-none\"><div class=\"fusion-gallery-image\"><a href=\"https:\/\/farmaciacarreras.es\/wp-content\/uploads\/2021\/06\/lab7-min.jpg\" rel=\"noreferrer\" data-rel=\"iLightbox[gallery_image_1]\" class=\"fusion-lightbox\" target=\"_self\"><img decoding=\"async\" src=\"https:\/\/farmaciacarreras.es\/wp-content\/uploads\/2021\/06\/lab7-min.jpg\" width=\"2000\" height=\"1500\" alt=\"\" title=\"lab7-min\" aria-label=\"lab7-min\" class=\"img-responsive wp-image-1229\" srcset=\"https:\/\/farmaciacarreras.es\/wp-content\/uploads\/2021\/06\/lab7-min-200x150.jpg 200w, https:\/\/farmaciacarreras.es\/wp-content\/uploads\/2021\/06\/lab7-min-400x300.jpg 400w, https:\/\/farmaciacarreras.es\/wp-content\/uploads\/2021\/06\/lab7-min-600x450.jpg 600w, https:\/\/farmaciacarreras.es\/wp-content\/uploads\/2021\/06\/lab7-min-800x600.jpg 800w, https:\/\/farmaciacarreras.es\/wp-content\/uploads\/2021\/06\/lab7-min-1200x900.jpg 1200w, https:\/\/farmaciacarreras.es\/wp-content\/uploads\/2021\/06\/lab7-min.jpg 2000w\" sizes=\"(min-width: 2200px) 100vw, (min-width: 824px) 390px, (min-width: 732px) 585px, (min-width: 640px) 732px, \" \/><\/a><\/div><\/div><div class=\"clearfix\"><\/div><div style=\"padding:0px;\" class=\"fusion-grid-column fusion-gallery-column fusion-gallery-column-3 hover-type-none\"><div class=\"fusion-gallery-image\"><a href=\"https:\/\/farmaciacarreras.es\/wp-content\/uploads\/2021\/06\/lab5-min.jpg\" rel=\"noreferrer\" data-rel=\"iLightbox[gallery_image_1]\" class=\"fusion-lightbox\" target=\"_self\"><img decoding=\"async\" src=\"https:\/\/farmaciacarreras.es\/wp-content\/uploads\/2021\/06\/lab5-min.jpg\" width=\"2000\" height=\"1500\" alt=\"\" title=\"lab5-min\" aria-label=\"lab5-min\" class=\"img-responsive wp-image-1228\" srcset=\"https:\/\/farmaciacarreras.es\/wp-content\/uploads\/2021\/06\/lab5-min-200x150.jpg 200w, https:\/\/farmaciacarreras.es\/wp-content\/uploads\/2021\/06\/lab5-min-400x300.jpg 400w, https:\/\/farmaciacarreras.es\/wp-content\/uploads\/2021\/06\/lab5-min-600x450.jpg 600w, https:\/\/farmaciacarreras.es\/wp-content\/uploads\/2021\/06\/lab5-min-800x600.jpg 800w, https:\/\/farmaciacarreras.es\/wp-content\/uploads\/2021\/06\/lab5-min-1200x900.jpg 1200w, https:\/\/farmaciacarreras.es\/wp-content\/uploads\/2021\/06\/lab5-min.jpg 2000w\" sizes=\"(min-width: 2200px) 100vw, (min-width: 824px) 390px, (min-width: 732px) 585px, (min-width: 640px) 732px, \" \/><\/a><\/div><\/div><div style=\"padding:0px;\" class=\"fusion-grid-column fusion-gallery-column fusion-gallery-column-3 hover-type-none\"><div class=\"fusion-gallery-image\"><a href=\"https:\/\/farmaciacarreras.es\/wp-content\/uploads\/2021\/06\/lab4-min.jpg\" rel=\"noreferrer\" data-rel=\"iLightbox[gallery_image_1]\" class=\"fusion-lightbox\" target=\"_self\"><img decoding=\"async\" src=\"https:\/\/farmaciacarreras.es\/wp-content\/uploads\/2021\/06\/lab4-min.jpg\" width=\"2000\" height=\"1500\" alt=\"\" title=\"lab4-min\" aria-label=\"lab4-min\" class=\"img-responsive wp-image-1227\" srcset=\"https:\/\/farmaciacarreras.es\/wp-content\/uploads\/2021\/06\/lab4-min-200x150.jpg 200w, https:\/\/farmaciacarreras.es\/wp-content\/uploads\/2021\/06\/lab4-min-400x300.jpg 400w, https:\/\/farmaciacarreras.es\/wp-content\/uploads\/2021\/06\/lab4-min-600x450.jpg 600w, https:\/\/farmaciacarreras.es\/wp-content\/uploads\/2021\/06\/lab4-min-800x600.jpg 800w, https:\/\/farmaciacarreras.es\/wp-content\/uploads\/2021\/06\/lab4-min-1200x900.jpg 1200w, https:\/\/farmaciacarreras.es\/wp-content\/uploads\/2021\/06\/lab4-min.jpg 2000w\" sizes=\"(min-width: 2200px) 100vw, (min-width: 824px) 390px, (min-width: 732px) 585px, (min-width: 640px) 732px, \" \/><\/a><\/div><\/div><div style=\"padding:0px;\" class=\"fusion-grid-column fusion-gallery-column fusion-gallery-column-3 hover-type-none\"><div class=\"fusion-gallery-image\"><a href=\"https:\/\/farmaciacarreras.es\/wp-content\/uploads\/2021\/06\/lab3-min.jpg\" rel=\"noreferrer\" data-rel=\"iLightbox[gallery_image_1]\" class=\"fusion-lightbox\" target=\"_self\"><img decoding=\"async\" src=\"https:\/\/farmaciacarreras.es\/wp-content\/uploads\/2021\/06\/lab3-min.jpg\" width=\"2000\" height=\"1500\" alt=\"\" title=\"lab3-min\" aria-label=\"lab3-min\" class=\"img-responsive wp-image-1226\" srcset=\"https:\/\/farmaciacarreras.es\/wp-content\/uploads\/2021\/06\/lab3-min-200x150.jpg 200w, https:\/\/farmaciacarreras.es\/wp-content\/uploads\/2021\/06\/lab3-min-400x300.jpg 400w, https:\/\/farmaciacarreras.es\/wp-content\/uploads\/2021\/06\/lab3-min-600x450.jpg 600w, https:\/\/farmaciacarreras.es\/wp-content\/uploads\/2021\/06\/lab3-min-800x600.jpg 800w, https:\/\/farmaciacarreras.es\/wp-content\/uploads\/2021\/06\/lab3-min-1200x900.jpg 1200w, https:\/\/farmaciacarreras.es\/wp-content\/uploads\/2021\/06\/lab3-min.jpg 2000w\" sizes=\"(min-width: 2200px) 100vw, (min-width: 824px) 390px, (min-width: 732px) 585px, (min-width: 640px) 732px, \" \/><\/a><\/div><\/div><div class=\"clearfix\"><\/div><\/div><\/div><style type=\"text\/css\">.fusion-body .fusion-builder-column-4{width:100% !important;margin-top : 0px;margin-bottom : 30px;}.fusion-builder-column-4 > .fusion-column-wrapper {padding-top : 0px !important;padding-right : 0px !important;margin-right : 1.92%;padding-bottom : 0px !important;padding-left : 0px !important;margin-left : 1.92%;}@media only screen and (max-width:1024px) {.fusion-body .fusion-builder-column-4{width:100% !important;order : 0;}.fusion-builder-column-4 > .fusion-column-wrapper {margin-right : 1.92%;margin-left : 1.92%;}}@media only screen and (max-width:640px) {.fusion-body .fusion-builder-column-4{width:100% !important;order : 0;}.fusion-builder-column-4 > .fusion-column-wrapper {margin-right : 1.92%;margin-left : 1.92%;}}<\/style><\/div><\/div><style type=\"text\/css\">.fusion-body .fusion-flex-container.fusion-builder-row-2{ padding-top : 2%;margin-top : 0px;padding-right : 0px;padding-bottom : 2%;margin-bottom : 0px;padding-left : 0px;}<\/style><\/div><\/p>\n","protected":false},"excerpt":{"rendered":"","protected":false},"author":1,"featured_media":0,"parent":0,"menu_order":0,"comment_status":"closed","ping_status":"closed","template":"100-width.php","meta":{"footnotes":""},"yoast_head":"<!-- This site is optimized with the Yoast SEO plugin v21.0 - https:\/\/yoast.com\/wordpress\/plugins\/seo\/ -->\n<title>El laboratorio - Farmacia Dr.Carreras<\/title>\n<meta name=\"robots\" content=\"index, follow, max-snippet:-1, max-image-preview:large, max-video-preview:-1\" \/>\n<link rel=\"canonical\" href=\"https:\/\/farmaciacarreras.es\/es\/el-laboratorio\/\" \/>\n<meta property=\"og:locale\" content=\"es_ES\" \/>\n<meta property=\"og:type\" content=\"article\" \/>\n<meta property=\"og:title\" content=\"El laboratorio - Farmacia Dr.Carreras\" \/>\n<meta property=\"og:url\" content=\"https:\/\/farmaciacarreras.es\/es\/el-laboratorio\/\" \/>\n<meta property=\"og:site_name\" content=\"Farmacia Dr.Carreras\" \/>\n<meta property=\"article:modified_time\" content=\"2021-06-23T06:04:03+00:00\" \/>\n<meta name=\"twitter:card\" content=\"summary_large_image\" \/>\n<meta name=\"twitter:label1\" content=\"Tiempo de lectura\" \/>\n\t<meta name=\"twitter:data1\" content=\"12 minutos\" \/>\n<script type=\"application\/ld+json\" class=\"yoast-schema-graph\">{\"@context\":\"https:\/\/schema.org\",\"@graph\":[{\"@type\":\"WebPage\",\"@id\":\"https:\/\/farmaciacarreras.es\/es\/el-laboratorio\/\",\"url\":\"https:\/\/farmaciacarreras.es\/es\/el-laboratorio\/\",\"name\":\"El laboratorio - Farmacia Dr.Carreras\",\"isPartOf\":{\"@id\":\"https:\/\/farmaciacarreras.es\/es\/#website\"},\"datePublished\":\"2021-06-18T15:41:40+00:00\",\"dateModified\":\"2021-06-23T06:04:03+00:00\",\"breadcrumb\":{\"@id\":\"https:\/\/farmaciacarreras.es\/es\/el-laboratorio\/#breadcrumb\"},\"inLanguage\":\"es\",\"potentialAction\":[{\"@type\":\"ReadAction\",\"target\":[\"https:\/\/farmaciacarreras.es\/es\/el-laboratorio\/\"]}]},{\"@type\":\"BreadcrumbList\",\"@id\":\"https:\/\/farmaciacarreras.es\/es\/el-laboratorio\/#breadcrumb\",\"itemListElement\":[{\"@type\":\"ListItem\",\"position\":1,\"name\":\"Portada\",\"item\":\"https:\/\/farmaciacarreras.es\/es\/\"},{\"@type\":\"ListItem\",\"position\":2,\"name\":\"El laboratorio\"}]},{\"@type\":\"WebSite\",\"@id\":\"https:\/\/farmaciacarreras.es\/es\/#website\",\"url\":\"https:\/\/farmaciacarreras.es\/es\/\",\"name\":\"Farmacia Dr.Carreras\",\"description\":\"FARMACIA DR. CARRERAS. Elaboraci\u00f3n y control de medicamentos. Tel 93 318 70 99 Fax 93 412 32 32. Carrer Hospital, 14 - 08001 Barcelona.\",\"publisher\":{\"@id\":\"https:\/\/farmaciacarreras.es\/es\/#organization\"},\"potentialAction\":[{\"@type\":\"SearchAction\",\"target\":{\"@type\":\"EntryPoint\",\"urlTemplate\":\"https:\/\/farmaciacarreras.es\/es\/?s={search_term_string}\"},\"query-input\":\"required name=search_term_string\"}],\"inLanguage\":\"es\"},{\"@type\":\"Organization\",\"@id\":\"https:\/\/farmaciacarreras.es\/es\/#organization\",\"name\":\"Farmacia Dr. Carreras\",\"url\":\"https:\/\/farmaciacarreras.es\/es\/\",\"logo\":{\"@type\":\"ImageObject\",\"inLanguage\":\"es\",\"@id\":\"https:\/\/farmaciacarreras.es\/es\/#\/schema\/logo\/image\/\",\"url\":\"https:\/\/farmaciacarreras.es\/wp-content\/uploads\/2015\/12\/LOGO-Texto-Home.jpg\",\"contentUrl\":\"https:\/\/farmaciacarreras.es\/wp-content\/uploads\/2015\/12\/LOGO-Texto-Home.jpg\",\"width\":120,\"height\":138,\"caption\":\"Farmacia Dr. Carreras\"},\"image\":{\"@id\":\"https:\/\/farmaciacarreras.es\/es\/#\/schema\/logo\/image\/\"}}]}<\/script>\n<!-- \/ Yoast SEO plugin. -->","yoast_head_json":{"title":"El laboratorio - Farmacia Dr.Carreras","robots":{"index":"index","follow":"follow","max-snippet":"max-snippet:-1","max-image-preview":"max-image-preview:large","max-video-preview":"max-video-preview:-1"},"canonical":"https:\/\/farmaciacarreras.es\/es\/el-laboratorio\/","og_locale":"es_ES","og_type":"article","og_title":"El laboratorio - Farmacia Dr.Carreras","og_url":"https:\/\/farmaciacarreras.es\/es\/el-laboratorio\/","og_site_name":"Farmacia Dr.Carreras","article_modified_time":"2021-06-23T06:04:03+00:00","twitter_card":"summary_large_image","twitter_misc":{"Tiempo de lectura":"12 minutos"},"schema":{"@context":"https:\/\/schema.org","@graph":[{"@type":"WebPage","@id":"https:\/\/farmaciacarreras.es\/es\/el-laboratorio\/","url":"https:\/\/farmaciacarreras.es\/es\/el-laboratorio\/","name":"El laboratorio - Farmacia Dr.Carreras","isPartOf":{"@id":"https:\/\/farmaciacarreras.es\/es\/#website"},"datePublished":"2021-06-18T15:41:40+00:00","dateModified":"2021-06-23T06:04:03+00:00","breadcrumb":{"@id":"https:\/\/farmaciacarreras.es\/es\/el-laboratorio\/#breadcrumb"},"inLanguage":"es","potentialAction":[{"@type":"ReadAction","target":["https:\/\/farmaciacarreras.es\/es\/el-laboratorio\/"]}]},{"@type":"BreadcrumbList","@id":"https:\/\/farmaciacarreras.es\/es\/el-laboratorio\/#breadcrumb","itemListElement":[{"@type":"ListItem","position":1,"name":"Portada","item":"https:\/\/farmaciacarreras.es\/es\/"},{"@type":"ListItem","position":2,"name":"El laboratorio"}]},{"@type":"WebSite","@id":"https:\/\/farmaciacarreras.es\/es\/#website","url":"https:\/\/farmaciacarreras.es\/es\/","name":"Farmacia Dr.Carreras","description":"FARMACIA DR. CARRERAS. Elaboraci\u00f3n y control de medicamentos. Tel 93 318 70 99 Fax 93 412 32 32. Carrer Hospital, 14 - 08001 Barcelona.","publisher":{"@id":"https:\/\/farmaciacarreras.es\/es\/#organization"},"potentialAction":[{"@type":"SearchAction","target":{"@type":"EntryPoint","urlTemplate":"https:\/\/farmaciacarreras.es\/es\/?s={search_term_string}"},"query-input":"required name=search_term_string"}],"inLanguage":"es"},{"@type":"Organization","@id":"https:\/\/farmaciacarreras.es\/es\/#organization","name":"Farmacia Dr. Carreras","url":"https:\/\/farmaciacarreras.es\/es\/","logo":{"@type":"ImageObject","inLanguage":"es","@id":"https:\/\/farmaciacarreras.es\/es\/#\/schema\/logo\/image\/","url":"https:\/\/farmaciacarreras.es\/wp-content\/uploads\/2015\/12\/LOGO-Texto-Home.jpg","contentUrl":"https:\/\/farmaciacarreras.es\/wp-content\/uploads\/2015\/12\/LOGO-Texto-Home.jpg","width":120,"height":138,"caption":"Farmacia Dr. Carreras"},"image":{"@id":"https:\/\/farmaciacarreras.es\/es\/#\/schema\/logo\/image\/"}}]}},"_links":{"self":[{"href":"https:\/\/farmaciacarreras.es\/es\/wp-json\/wp\/v2\/pages\/1244"}],"collection":[{"href":"https:\/\/farmaciacarreras.es\/es\/wp-json\/wp\/v2\/pages"}],"about":[{"href":"https:\/\/farmaciacarreras.es\/es\/wp-json\/wp\/v2\/types\/page"}],"author":[{"embeddable":true,"href":"https:\/\/farmaciacarreras.es\/es\/wp-json\/wp\/v2\/users\/1"}],"replies":[{"embeddable":true,"href":"https:\/\/farmaciacarreras.es\/es\/wp-json\/wp\/v2\/comments?post=1244"}],"version-history":[{"count":17,"href":"https:\/\/farmaciacarreras.es\/es\/wp-json\/wp\/v2\/pages\/1244\/revisions"}],"predecessor-version":[{"id":1397,"href":"https:\/\/farmaciacarreras.es\/es\/wp-json\/wp\/v2\/pages\/1244\/revisions\/1397"}],"wp:attachment":[{"href":"https:\/\/farmaciacarreras.es\/es\/wp-json\/wp\/v2\/media?parent=1244"}],"curies":[{"name":"wp","href":"https:\/\/api.w.org\/{rel}","templated":true}]}}