{"id":1402,"date":"2021-06-23T06:11:06","date_gmt":"2021-06-23T06:11:06","guid":{"rendered":"https:\/\/farmaciacarreras.es\/?page_id=1402"},"modified":"2023-10-26T10:24:27","modified_gmt":"2023-10-26T10:24:27","slug":"politica-de-privacidad","status":"publish","type":"page","link":"https:\/\/farmaciacarreras.es\/es\/politica-de-privacidad\/","title":{"rendered":"Pol\u00edtica de Privacidad"},"content":{"rendered":"<div class=\"fusion-fullwidth fullwidth-box fusion-builder-row-1 fusion-flex-container nonhundred-percent-fullwidth non-hundred-percent-height-scrolling\" style=\"background-color: rgba(255,255,255,0);background-position: center center;background-repeat: no-repeat;border-width: 0px 0px 0px 0px;border-color:#eae9e9;border-style:solid;\" ><div class=\"fusion-builder-row fusion-row fusion-flex-align-items-flex-start\" style=\"max-width:1216.8px;margin-left: calc(-4% \/ 2 );margin-right: calc(-4% \/ 2 );\"><div class=\"fusion-layout-column fusion_builder_column fusion-builder-column-0 fusion_builder_column_1_1 1_1 fusion-flex-column\"><div class=\"fusion-column-wrapper fusion-flex-justify-content-flex-start fusion-content-layout-column\" style=\"background-position:left top;background-repeat:no-repeat;-webkit-background-size:cover;-moz-background-size:cover;-o-background-size:cover;background-size:cover;padding: 0px 0px 0px 0px;\"><div class=\"fusion-text fusion-text-1\"><p><strong>Pol\u00edtica de Privacidad<\/strong><\/p>\n<p>De conformidad a lo establecido en el Reglamento Europeo de Protecci\u00f3n de Datos (Reglamento UE 2016\/679), la LOPDGDD 3\/2018 de 5 de diciembre y el resto de la normativa vigente, informamos al usuario sobre el tratamiento de los datos personales generado por su navegaci\u00f3n en este sitio web.<br \/>\nEl responsable de tratamiento es el dr. Miquel Carreras Coma, titular propietario de la oficina de farmacia el situada en C\/ Hospital, 14, 08001 de Barcelona y de su \u201cWEB site\u201d.<\/p>\n<p><strong>Datos personales<\/strong><\/p>\n<p>A trav\u00e9s de este sitio Web se obtiene la informaci\u00f3n sobre la IP de las personas usuarias que se conectan con el fin de ofrecer el mejor servicio y facilitar su usabilidad. Se analizan el n\u00famero de p\u00e1ginas visitadas, las visitas y la navegaci\u00f3n de las personas que las visitan, cada vez que se accede a una p\u00e1gina web, el servidor de la web almacena datos autom\u00e1ticamente en el archivo de registro del servidor, entre otros, el nombre del archivo al que se accede, la direcci\u00f3n IP, la fecha y el tiempo de acceso, el volumen de datos transferidos, el operador solicitado y documenta su recuperaci\u00f3n. Estos datos de acceso se utilizan s\u00f3lo en base al inter\u00e9s leg\u00edtimo del titular en la presentaci\u00f3n correcta del sitio web.<\/p>\n<p>Estos datos ser\u00e1n tratados de forma confidencial y se incorporar\u00e1n a la base de datos del responsable de tratamiento.<\/p>\n<p><strong>Finalidad, duraci\u00f3n y legitimaci\u00f3n del tratamiento<\/strong><br \/>\nAparte de los datos que se recaban a trav\u00e9s del formulario que consta en la web y que ya contienen su pol\u00edtica de privacidad, el responsable de tratamiento s\u00f3lo utilizar\u00e1 la informaci\u00f3n sobre su acceso y la navegaci\u00f3n para conocer sus intereses y proporcionarlos le mejor servicio en lo que respecta a la navegaci\u00f3n. La legitimaci\u00f3n se obtiene por el previo consentimiento del usuario que ha prestado mediante una acci\u00f3n claramente afirmativa cuando accede a la p\u00e1gina y en base a la aceptaci\u00f3n de las cookies.<\/p>\n<p>La duraci\u00f3n del tratamiento y la conservaci\u00f3n de los datos, est\u00e1 condicionado al tiempo necesario para cumplir con la finalidad para la que se obtienen y para determinar las posibles responsabilidades que pudieran derivarse de la finalidad del tratamiento.<\/p>\n<p><strong>Comunicaci\u00f3n de los datos<\/strong><\/p>\n<p>Con car\u00e1cter general no existe previsi\u00f3n alguna de comunicar los datos, salvo que sea por obligaci\u00f3n legal, requerimiento judicial, o personas interesadas en los procedimientos relacionados con las reclamaciones presentadas.<\/p>\n<p><strong>Derechos de los interesados<\/strong><\/p>\n<p>El usuario tiene derecho a acceder a sus datos y obtener confirmaci\u00f3n sobre el tratamiento, tambi\u00e9n a obtener una copia de los datos personales objeto de tratamiento. Tiene derecho a actualizarlos y solicitar la rectificaci\u00f3n de los datos que sean inexactos o solicitar la supresi\u00f3n cuando los datos no sean necesarios para los fines por los que fueron recabados. Puede solicitar la limitaci\u00f3n en el tratamiento de sus datos y oponerse al tratamiento de estos datos revocando el consentimiento, as\u00ed como ejercer el derecho a la portabilidad de los datos. Tambi\u00e9n tiene derecho a no ser objeto de decisiones basadas \u00fanicamente en el tratamiento automatizado de sus datos personales. Puede ejercer sus derechos contactando con el dr. Miquel Carreras Coma, en la direcci\u00f3n en el encabezamiento indicada o por correo electr\u00f3nico a la direcci\u00f3n: farmaciacarreras@farmaciacarreras.es. Tambi\u00e9n podr\u00e1 ejercitar sus derechos ante la Agencia Espa\u00f1ola de Protecci\u00f3n de Datos.<\/p>\n<\/div><\/div><style type=\"text\/css\">.fusion-body .fusion-builder-column-0{width:100% !important;margin-top : 0px;margin-bottom : 30px;}.fusion-builder-column-0 > .fusion-column-wrapper {padding-top : 0px !important;padding-right : 0px !important;margin-right : 1.92%;padding-bottom : 0px !important;padding-left : 0px !important;margin-left : 1.92%;}@media only screen and (max-width:1024px) {.fusion-body .fusion-builder-column-0{width:100% !important;order : 0;}.fusion-builder-column-0 > .fusion-column-wrapper {margin-right : 1.92%;margin-left : 1.92%;}}@media only screen and (max-width:640px) {.fusion-body .fusion-builder-column-0{width:100% !important;order : 0;}.fusion-builder-column-0 > .fusion-column-wrapper {margin-right : 1.92%;margin-left : 1.92%;}}<\/style><\/div><\/div><style type=\"text\/css\">.fusion-body .fusion-flex-container.fusion-builder-row-1{ padding-top : 0px;margin-top : 0px;padding-right : 0px;padding-bottom : 0px;margin-bottom : 0px;padding-left : 0px;}<\/style><\/div>\n","protected":false},"excerpt":{"rendered":"","protected":false},"author":1,"featured_media":0,"parent":0,"menu_order":0,"comment_status":"closed","ping_status":"closed","template":"","meta":{"footnotes":""},"yoast_head":"<!-- This site is optimized with the Yoast SEO plugin v21.0 - https:\/\/yoast.com\/wordpress\/plugins\/seo\/ -->\n<title>Pol\u00edtica de Privacidad - Farmacia Dr.Carreras<\/title>\n<meta name=\"robots\" content=\"index, follow, max-snippet:-1, max-image-preview:large, max-video-preview:-1\" \/>\n<link rel=\"canonical\" href=\"https:\/\/farmaciacarreras.es\/es\/politica-de-privacidad\/\" \/>\n<meta property=\"og:locale\" content=\"es_ES\" \/>\n<meta property=\"og:type\" content=\"article\" \/>\n<meta property=\"og:title\" content=\"Pol\u00edtica de Privacidad - Farmacia Dr.Carreras\" \/>\n<meta property=\"og:url\" content=\"https:\/\/farmaciacarreras.es\/es\/politica-de-privacidad\/\" \/>\n<meta property=\"og:site_name\" content=\"Farmacia Dr.Carreras\" \/>\n<meta property=\"article:modified_time\" content=\"2023-10-26T10:24:27+00:00\" \/>\n<meta name=\"twitter:card\" content=\"summary_large_image\" \/>\n<meta name=\"twitter:label1\" content=\"Tiempo de lectura\" \/>\n\t<meta name=\"twitter:data1\" content=\"3 minutos\" \/>\n<script type=\"application\/ld+json\" class=\"yoast-schema-graph\">{\"@context\":\"https:\/\/schema.org\",\"@graph\":[{\"@type\":\"WebPage\",\"@id\":\"https:\/\/farmaciacarreras.es\/es\/politica-de-privacidad\/\",\"url\":\"https:\/\/farmaciacarreras.es\/es\/politica-de-privacidad\/\",\"name\":\"Pol\u00edtica de Privacidad - Farmacia Dr.Carreras\",\"isPartOf\":{\"@id\":\"https:\/\/farmaciacarreras.es\/es\/#website\"},\"datePublished\":\"2021-06-23T06:11:06+00:00\",\"dateModified\":\"2023-10-26T10:24:27+00:00\",\"breadcrumb\":{\"@id\":\"https:\/\/farmaciacarreras.es\/es\/politica-de-privacidad\/#breadcrumb\"},\"inLanguage\":\"es\",\"potentialAction\":[{\"@type\":\"ReadAction\",\"target\":[\"https:\/\/farmaciacarreras.es\/es\/politica-de-privacidad\/\"]}]},{\"@type\":\"BreadcrumbList\",\"@id\":\"https:\/\/farmaciacarreras.es\/es\/politica-de-privacidad\/#breadcrumb\",\"itemListElement\":[{\"@type\":\"ListItem\",\"position\":1,\"name\":\"Portada\",\"item\":\"https:\/\/farmaciacarreras.es\/es\/\"},{\"@type\":\"ListItem\",\"position\":2,\"name\":\"Pol\u00edtica de Privacidad\"}]},{\"@type\":\"WebSite\",\"@id\":\"https:\/\/farmaciacarreras.es\/es\/#website\",\"url\":\"https:\/\/farmaciacarreras.es\/es\/\",\"name\":\"Farmacia Dr.Carreras\",\"description\":\"FARMACIA DR. CARRERAS. Elaboraci\u00f3n y control de medicamentos. Tel 93 318 70 99 Fax 93 412 32 32. Carrer Hospital, 14 - 08001 Barcelona.\",\"publisher\":{\"@id\":\"https:\/\/farmaciacarreras.es\/es\/#organization\"},\"potentialAction\":[{\"@type\":\"SearchAction\",\"target\":{\"@type\":\"EntryPoint\",\"urlTemplate\":\"https:\/\/farmaciacarreras.es\/es\/?s={search_term_string}\"},\"query-input\":\"required name=search_term_string\"}],\"inLanguage\":\"es\"},{\"@type\":\"Organization\",\"@id\":\"https:\/\/farmaciacarreras.es\/es\/#organization\",\"name\":\"Farmacia Dr. Carreras\",\"url\":\"https:\/\/farmaciacarreras.es\/es\/\",\"logo\":{\"@type\":\"ImageObject\",\"inLanguage\":\"es\",\"@id\":\"https:\/\/farmaciacarreras.es\/es\/#\/schema\/logo\/image\/\",\"url\":\"https:\/\/farmaciacarreras.es\/wp-content\/uploads\/2015\/12\/LOGO-Texto-Home.jpg\",\"contentUrl\":\"https:\/\/farmaciacarreras.es\/wp-content\/uploads\/2015\/12\/LOGO-Texto-Home.jpg\",\"width\":120,\"height\":138,\"caption\":\"Farmacia Dr. Carreras\"},\"image\":{\"@id\":\"https:\/\/farmaciacarreras.es\/es\/#\/schema\/logo\/image\/\"}}]}<\/script>\n<!-- \/ Yoast SEO plugin. -->","yoast_head_json":{"title":"Pol\u00edtica de Privacidad - Farmacia Dr.Carreras","robots":{"index":"index","follow":"follow","max-snippet":"max-snippet:-1","max-image-preview":"max-image-preview:large","max-video-preview":"max-video-preview:-1"},"canonical":"https:\/\/farmaciacarreras.es\/es\/politica-de-privacidad\/","og_locale":"es_ES","og_type":"article","og_title":"Pol\u00edtica de Privacidad - Farmacia Dr.Carreras","og_url":"https:\/\/farmaciacarreras.es\/es\/politica-de-privacidad\/","og_site_name":"Farmacia Dr.Carreras","article_modified_time":"2023-10-26T10:24:27+00:00","twitter_card":"summary_large_image","twitter_misc":{"Tiempo de lectura":"3 minutos"},"schema":{"@context":"https:\/\/schema.org","@graph":[{"@type":"WebPage","@id":"https:\/\/farmaciacarreras.es\/es\/politica-de-privacidad\/","url":"https:\/\/farmaciacarreras.es\/es\/politica-de-privacidad\/","name":"Pol\u00edtica de Privacidad - Farmacia Dr.Carreras","isPartOf":{"@id":"https:\/\/farmaciacarreras.es\/es\/#website"},"datePublished":"2021-06-23T06:11:06+00:00","dateModified":"2023-10-26T10:24:27+00:00","breadcrumb":{"@id":"https:\/\/farmaciacarreras.es\/es\/politica-de-privacidad\/#breadcrumb"},"inLanguage":"es","potentialAction":[{"@type":"ReadAction","target":["https:\/\/farmaciacarreras.es\/es\/politica-de-privacidad\/"]}]},{"@type":"BreadcrumbList","@id":"https:\/\/farmaciacarreras.es\/es\/politica-de-privacidad\/#breadcrumb","itemListElement":[{"@type":"ListItem","position":1,"name":"Portada","item":"https:\/\/farmaciacarreras.es\/es\/"},{"@type":"ListItem","position":2,"name":"Pol\u00edtica de Privacidad"}]},{"@type":"WebSite","@id":"https:\/\/farmaciacarreras.es\/es\/#website","url":"https:\/\/farmaciacarreras.es\/es\/","name":"Farmacia Dr.Carreras","description":"FARMACIA DR. CARRERAS. Elaboraci\u00f3n y control de medicamentos. Tel 93 318 70 99 Fax 93 412 32 32. Carrer Hospital, 14 - 08001 Barcelona.","publisher":{"@id":"https:\/\/farmaciacarreras.es\/es\/#organization"},"potentialAction":[{"@type":"SearchAction","target":{"@type":"EntryPoint","urlTemplate":"https:\/\/farmaciacarreras.es\/es\/?s={search_term_string}"},"query-input":"required name=search_term_string"}],"inLanguage":"es"},{"@type":"Organization","@id":"https:\/\/farmaciacarreras.es\/es\/#organization","name":"Farmacia Dr. Carreras","url":"https:\/\/farmaciacarreras.es\/es\/","logo":{"@type":"ImageObject","inLanguage":"es","@id":"https:\/\/farmaciacarreras.es\/es\/#\/schema\/logo\/image\/","url":"https:\/\/farmaciacarreras.es\/wp-content\/uploads\/2015\/12\/LOGO-Texto-Home.jpg","contentUrl":"https:\/\/farmaciacarreras.es\/wp-content\/uploads\/2015\/12\/LOGO-Texto-Home.jpg","width":120,"height":138,"caption":"Farmacia Dr. Carreras"},"image":{"@id":"https:\/\/farmaciacarreras.es\/es\/#\/schema\/logo\/image\/"}}]}},"_links":{"self":[{"href":"https:\/\/farmaciacarreras.es\/es\/wp-json\/wp\/v2\/pages\/1402"}],"collection":[{"href":"https:\/\/farmaciacarreras.es\/es\/wp-json\/wp\/v2\/pages"}],"about":[{"href":"https:\/\/farmaciacarreras.es\/es\/wp-json\/wp\/v2\/types\/page"}],"author":[{"embeddable":true,"href":"https:\/\/farmaciacarreras.es\/es\/wp-json\/wp\/v2\/users\/1"}],"replies":[{"embeddable":true,"href":"https:\/\/farmaciacarreras.es\/es\/wp-json\/wp\/v2\/comments?post=1402"}],"version-history":[{"count":5,"href":"https:\/\/farmaciacarreras.es\/es\/wp-json\/wp\/v2\/pages\/1402\/revisions"}],"predecessor-version":[{"id":1732,"href":"https:\/\/farmaciacarreras.es\/es\/wp-json\/wp\/v2\/pages\/1402\/revisions\/1732"}],"wp:attachment":[{"href":"https:\/\/farmaciacarreras.es\/es\/wp-json\/wp\/v2\/media?parent=1402"}],"curies":[{"name":"wp","href":"https:\/\/api.w.org\/{rel}","templated":true}]}}